{"id":1210,"date":"2024-04-01T13:15:03","date_gmt":"2024-04-01T11:15:03","guid":{"rendered":"https:\/\/newsite.fenyvesyachtclub.hu\/?page_id=1210"},"modified":"2024-05-08T11:43:57","modified_gmt":"2024-05-08T09:43:57","slug":"corporate-events","status":"publish","type":"page","link":"https:\/\/fenyvesyachtclub.hu\/en\/events\/corporate-events\/","title":{"rendered":"Corporate events"},"content":{"rendered":"[et_pb_section fb_built=&#8221;1&#8243; fullwidth=&#8221;on&#8221; _builder_version=&#8221;4.24.2&#8243; _module_preset=&#8221;default&#8221; global_colors_info=&#8221;{}&#8221;][et_pb_fullwidth_image src=&#8221;https:\/\/fenyvesyachtclub.hu\/wp-content\/uploads\/vallalati-rendezvenyek-header.jpg&#8221; title_text=&#8221;vallalati-rendezvenyek-header&#8221; _builder_version=&#8221;4.24.2&#8243; _module_preset=&#8221;default&#8221; global_colors_info=&#8221;{}&#8221;][\/et_pb_fullwidth_image][\/et_pb_section][et_pb_section fb_built=&#8221;1&#8243; admin_label=&#8221;Fenyves yacht club&#8221; module_id=&#8221;a_rolunk&#8221; _builder_version=&#8221;4.24.2&#8243; _module_preset=&#8221;default&#8221; background_image=&#8221;https:\/\/fenyvesyachtclub.hu\/wp-content\/uploads\/epluet-bg.jpg&#8221; custom_padding=&#8221;33px||25px|||&#8221; global_colors_info=&#8221;{}&#8221;][et_pb_row _builder_version=&#8221;4.24.2&#8243; _module_preset=&#8221;default&#8221; global_colors_info=&#8221;{}&#8221;][et_pb_column type=&#8221;4_4&#8243; _builder_version=&#8221;4.24.2&#8243; _module_preset=&#8221;default&#8221; global_colors_info=&#8221;{}&#8221;][et_pb_text _builder_version=&#8221;4.24.2&#8243; _module_preset=&#8221;default&#8221; header_2_line_height=&#8221;1.1em&#8221; custom_css_free_form=&#8221;selector img { margin-top: 18px;}&#8221; global_colors_info=&#8221;{}&#8221;]\n<h1 style=\"text-align: center;\">Corporate events<\/h1>\n<p style=\"text-align: center;\"><img loading=\"lazy\" decoding=\"async\" class=\"wp-image-400 alignnone size-full\" src=\"https:\/\/fenyvesyachtclub.hu\/wp-content\/uploads\/wave-dark.png\" alt=\"\" width=\"100\" height=\"10\" \/><\/p>\n<p class=\"normal\" style=\"text-align: center;\">Fenyves Yacht Club is an ideal location for conferences up to 200 people, <br \/>large and small corporate team building, incentive trips and trainings.<\/p>\n[\/et_pb_text][\/et_pb_column][\/et_pb_row][\/et_pb_section][et_pb_section fb_built=&#8221;1&#8243; custom_padding_last_edited=&#8221;on|tablet&#8221; admin_label=&#8221;Kik\u00f6t\u0151&#8221; module_class=&#8221;sx-left-image-block&#8221; _builder_version=&#8221;4.24.2&#8243; _module_preset=&#8221;default&#8221; background_color=&#8221;RGBA(255,255,255,0)&#8221; background_image=&#8221;https:\/\/fenyvesyachtclub.hu\/wp-content\/uploads\/eskuvo-nagy.jpg&#8221; background_size=&#8221;contain&#8221; background_position=&#8221;center_right&#8221; background_horizontal_offset=&#8221;77%&#8221; custom_margin=&#8221;0px||||false|false&#8221; custom_margin_tablet=&#8221;&#8221; custom_margin_phone=&#8221;&#8221; custom_margin_last_edited=&#8221;on|tablet&#8221; custom_padding=&#8221;||||false|false&#8221; custom_padding_tablet=&#8221;10px||10px||true|false&#8221; custom_padding_phone=&#8221;&#8221; background_last_edited=&#8221;on|tablet&#8221; background_enable_image_tablet=&#8221;off&#8221; custom_css_main_element=&#8221; background-position: right 58vw center !important;&#8221; border_color_top=&#8221;#C2A47B&#8221; border_color_bottom=&#8221;#C2A47B&#8221; global_colors_info=&#8221;{}&#8221; custom_css_main_element_last_edited=&#8221;on|desktop&#8221; custom_css_main_element_tablet=&#8221; background-position: right 58vw center !important;&#8221; custom_css_main_element_phone=&#8221; background-position: right 58vw center !important;&#8221;][et_pb_row column_structure=&#8221;1_2,1_2&#8243; _builder_version=&#8221;4.24.2&#8243; _module_preset=&#8221;default&#8221; width=&#8221;100%&#8221; global_colors_info=&#8221;{}&#8221; custom_css_main_element_last_edited=&#8221;on|tablet&#8221; custom_css_main_element_tablet=&#8221; display: flex;|| flex-direction: column-reverse;&#8221; custom_css_main_element_phone=&#8221; display: flex;|| flex-direction: column-reverse;&#8221;][et_pb_column type=&#8221;1_2&#8243; _builder_version=&#8221;4.24.2&#8243; _module_preset=&#8221;default&#8221; custom_padding_tablet=&#8221;||||false|false&#8221; custom_padding_phone=&#8221;&#8221; custom_padding_last_edited=&#8221;on|tablet&#8221; background_last_edited=&#8221;on|tablet&#8221; background_image_tablet=&#8221;https:\/\/fenyvesyachtclub.hu\/wp-content\/uploads\/eskuvo-nagy.jpg&#8221; background_enable_image_tablet=&#8221;on&#8221; background_size_tablet=&#8221;contain&#8221; background_position_tablet=&#8221;bottom_left&#8221; global_colors_info=&#8221;{}&#8221; custom_css_main_element_last_edited=&#8221;on|phone&#8221; custom_css_main_element_tablet=&#8221;padding: 50px;||background-size: contain;||background-position: right 20vw center;&#8221; custom_css_main_element_phone=&#8221;padding: 50px 40px;||background-size: cover;||background-position: right 20vw center;&#8221;][et_pb_image src=&#8221;https:\/\/fenyvesyachtclub.hu\/wp-content\/uploads\/eskuvo-kicsi.jpg&#8221; title_text=&#8221;eskuvo-kicsi&#8221; align=&#8221;right&#8221; _builder_version=&#8221;4.24.2&#8243; _module_preset=&#8221;default&#8221; max_width_tablet=&#8221;&#8221; max_width_phone=&#8221;180px&#8221; max_width_last_edited=&#8221;on|phone&#8221; height_last_edited=&#8221;off|phone&#8221; border_width_all=&#8221;16px&#8221; border_color_all=&#8221;#FFFFFF&#8221; global_colors_info=&#8221;{}&#8221;][\/et_pb_image][\/et_pb_column][et_pb_column type=&#8221;1_2&#8243; _builder_version=&#8221;4.24.2&#8243; _module_preset=&#8221;default&#8221; custom_padding=&#8221;|||||true&#8221; custom_padding_tablet=&#8221;|10%||10%|false|true&#8221; custom_padding_phone=&#8221;&#8221; custom_padding_last_edited=&#8221;on|tablet&#8221; background_last_edited=&#8221;on|tablet&#8221; background_enable_image_phone=&#8221;off&#8221; global_colors_info=&#8221;{}&#8221;][et_pb_text _builder_version=&#8221;4.24.2&#8243; _module_preset=&#8221;default&#8221; header_2_font_size=&#8221;50px&#8221; header_2_line_height=&#8221;1.1em&#8221; header_6_font=&#8221;Montserrat|||on|||||&#8221; header_6_text_color=&#8221;#081F40&#8243; header_6_font_size=&#8221;18px&#8221; custom_margin=&#8221;100px||||false|false&#8221; custom_css_free_form=&#8221;selector h6 { margin: 6px 0px;}||selector h2 { margin-bottom: 12px;}||selector img { margin-bottom: 12px;}&#8221; global_colors_info=&#8221;{}&#8221;]\n<p><img loading=\"lazy\" decoding=\"async\" class=\"wp-image-400 alignnone size-full\" src=\"https:\/\/fenyvesyachtclub.hu\/wp-content\/uploads\/wave-dark.png\" alt=\"\" width=\"100\" height=\"10\" \/><\/p>\n<h2>Nagy \u00e9s kis l\u00e9tsz\u00e1m\u00fa v\u00e1llalati rendezv\u00e9nyek<\/h2>\n<h6>200 f\u0151s rendezv\u00e9nyterem<\/h6>\n<p>Our event hall, which can accommodate 200 people and has a detachable meeting room, is equipped with a projector, sound system, and LED TV. We can provide meals and entertainment for a large number of people. In our huge green garden, we organize sports, lifestyle and gastro co-programs, tailored to the needs of the customer. Any event can be made unique with sailing and motorboating, cruises, SUP tours, bicycle tours, wine tastings, and music programs.<\/p>\n[\/et_pb_text][\/et_pb_column][\/et_pb_row][\/et_pb_section][et_pb_section fb_built=&#8221;1&#8243; admin_label=&#8221;S\u00e1rga gombok&#8221; module_id=&#8221;a_etlap&#8221; _builder_version=&#8221;4.25.0&#8243; _module_preset=&#8221;default&#8221; background_color=&#8221;#FFFFFF&#8221; background_enable_image=&#8221;off&#8221; custom_margin=&#8221;||10px||false|false&#8221; custom_padding=&#8221;50px||0px||false|false&#8221; hover_enabled=&#8221;0&#8243; border_color_bottom=&#8221;#C2A47B&#8221; global_colors_info=&#8221;{}&#8221; sticky_enabled=&#8221;0&#8243;][et_pb_row _builder_version=&#8221;4.24.2&#8243; _module_preset=&#8221;default&#8221; custom_margin=&#8221;|auto|-5px|auto||&#8221; custom_padding=&#8221;||0px|||&#8221; global_colors_info=&#8221;{}&#8221;][et_pb_column type=&#8221;4_4&#8243; _builder_version=&#8221;4.24.2&#8243; _module_preset=&#8221;default&#8221; custom_css_main_element=&#8221;display: flex;||justify-content: center;&#8221; global_colors_info=&#8221;{}&#8221;][et_pb_text _builder_version=&#8221;4.24.2&#8243; _module_preset=&#8221;default&#8221; header_2_line_height=&#8221;1.1em&#8221; custom_css_free_form=&#8221;selector img { margin-top: 18px;}&#8221; global_colors_info=&#8221;{}&#8221;]\n<h1 style=\"text-align: center;\">Rendezv\u00e9nyhelysz\u00edn szolg\u00e1ltat\u00e1saink<\/h1>\n<p style=\"text-align: center;\"><img loading=\"lazy\" decoding=\"async\" class=\"wp-image-403 alignnone size-full\" src=\"https:\/\/fenyvesyachtclub.hu\/wp-content\/uploads\/wave-gold.png\" alt=\"\" width=\"100\" height=\"10\" \/><\/p>\n[\/et_pb_text][\/et_pb_column][\/et_pb_row][et_pb_row admin_label=&#8221;Rendezv\u00e9ny helysz\u00ednek&#8221; _builder_version=&#8221;4.24.2&#8243; _module_preset=&#8221;default&#8221; global_colors_info=&#8221;{}&#8221; custom_padding=&#8221;||2px|||&#8221;][et_pb_column type=&#8221;4_4&#8243; _builder_version=&#8221;4.24.2&#8243; _module_preset=&#8221;default&#8221; custom_css_main_element=&#8221; display: flex;|| flex-wrap: wrap;|| justify-content: center;|| column-gap: 30px;|| row-gap: 0px;&#8221; global_colors_info=&#8221;{}&#8221;][et_pb_button button_url=&#8221;@ET-DC@eyJkeW5hbWljIjp0cnVlLCJjb250ZW50IjoicG9zdF9saW5rX3VybF9wYWdlIiwic2V0dGluZ3MiOnsicG9zdF9pZCI6IjYwNCJ9fQ==@&#8221; button_text=&#8221;Conferences&#8221; button_alignment=&#8221;center&#8221; module_class=&#8221;gomb-event-place&#8221; _builder_version=&#8221;4.24.3&#8243; _dynamic_attributes=&#8221;button_url&#8221; _module_preset=&#8221;default&#8221; custom_button=&#8221;on&#8221; button_text_size=&#8221;32px&#8221; button_text_color=&#8221;#FFFFFF&#8221; button_bg_image=&#8221;https:\/\/fenyvesyachtclub.hu\/wp-content\/uploads\/gomb-rendezvenyhelyszin.jpg&#8221; button_letter_spacing=&#8221;1px&#8221; button_font=&#8221;DM Serif Display||||||||&#8221; button_use_icon=&#8221;off&#8221; custom_css_main_element=&#8221; width: 375px;|| max-width: 100%;|| height: 200px;|| vertical-align: middle; || display: table-cell !important;&#8221; global_colors_info=&#8221;{}&#8221; button_bg_color__hover_enabled=&#8221;on|hover&#8221; button_bg_image__hover=&#8221;https:\/\/fenyvesyachtclub.hu\/wp-content\/uploads\/gomb-over-rendezvenyhelyszin.jpg&#8221; button_bg_enable_image__hover=&#8221;on&#8221; custom_css_main_element__hover_enabled=&#8221;off|desktop&#8221; custom_css_main_element_last_edited=&#8221;on|desktop&#8221; custom_css_main_element_tablet=&#8221; width: 375px;|| max-width: 100%;|| height: 200px;|| vertical-align: middle; || display: table-cell !important;&#8221; custom_css_main_element_phone=&#8221; width: 375px;|| max-width: 100%;|| height: 200px;|| vertical-align: middle; || display: table-cell !important;&#8221;][\/et_pb_button][et_pb_button button_url=&#8221;@ET-DC@eyJkeW5hbWljIjp0cnVlLCJjb250ZW50IjoicG9zdF9saW5rX3VybF9wYWdlIiwic2V0dGluZ3MiOnsicG9zdF9pZCI6IjYxMCJ9fQ==@&#8221; button_text=&#8221;Team Building Activities&#8221; button_alignment=&#8221;center&#8221; module_class=&#8221;gomb-event-place&#8221; _builder_version=&#8221;4.24.3&#8243; _dynamic_attributes=&#8221;button_url&#8221; _module_preset=&#8221;default&#8221; custom_button=&#8221;on&#8221; button_text_size=&#8221;32px&#8221; button_text_color=&#8221;#FFFFFF&#8221; button_bg_image=&#8221;https:\/\/fenyvesyachtclub.hu\/wp-content\/uploads\/gomb-rendezvenyhelyszin.jpg&#8221; button_letter_spacing=&#8221;1px&#8221; button_font=&#8221;DM Serif Display||||||||&#8221; button_use_icon=&#8221;off&#8221; custom_css_main_element=&#8221; width: 375px;|| max-width: 100%;|| height: 200px;|| vertical-align: middle; || display: table-cell !important;&#8221; global_colors_info=&#8221;{}&#8221; button_bg_color__hover_enabled=&#8221;on|hover&#8221; button_bg_image__hover=&#8221;https:\/\/fenyvesyachtclub.hu\/wp-content\/uploads\/gomb-over-rendezvenyhelyszin.jpg&#8221; button_bg_enable_image__hover=&#8221;on&#8221;][\/et_pb_button][et_pb_button button_url=&#8221;@ET-DC@eyJkeW5hbWljIjp0cnVlLCJjb250ZW50IjoicG9zdF9saW5rX3VybF9wYWdlIiwic2V0dGluZ3MiOnsicG9zdF9pZCI6IjYwOSJ9fQ==@&#8221; button_text=&#8221;Trainings, Seminars, and Workshops\u2028&#8221; button_alignment=&#8221;center&#8221; module_class=&#8221;gomb-event-place&#8221; _builder_version=&#8221;4.24.3&#8243; _dynamic_attributes=&#8221;button_url&#8221; _module_preset=&#8221;default&#8221; custom_button=&#8221;on&#8221; button_text_size=&#8221;32px&#8221; button_text_color=&#8221;#FFFFFF&#8221; button_bg_image=&#8221;https:\/\/fenyvesyachtclub.hu\/wp-content\/uploads\/gomb-rendezvenyhelyszin.jpg&#8221; button_letter_spacing=&#8221;1px&#8221; button_font=&#8221;DM Serif Display||||||||&#8221; button_use_icon=&#8221;off&#8221; custom_css_main_element=&#8221; width: 375px;|| max-width: 100%;|| height: 200px;|| vertical-align: middle; || display: table-cell !important;&#8221; global_colors_info=&#8221;{}&#8221; button_bg_color__hover_enabled=&#8221;on|hover&#8221; button_bg_image__hover=&#8221;https:\/\/fenyvesyachtclub.hu\/wp-content\/uploads\/gomb-over-rendezvenyhelyszin.jpg&#8221; button_bg_enable_image__hover=&#8221;on&#8221;][\/et_pb_button][et_pb_button button_url=&#8221;@ET-DC@eyJkeW5hbWljIjp0cnVlLCJjb250ZW50IjoicG9zdF9saW5rX3VybF9wYWdlIiwic2V0dGluZ3MiOnsicG9zdF9pZCI6IjYwOCJ9fQ==@&#8221; button_text=&#8221;Product Launch Events&#8221; button_alignment=&#8221;center&#8221; module_class=&#8221;gomb-event-place&#8221; _builder_version=&#8221;4.24.3&#8243; _dynamic_attributes=&#8221;button_url&#8221; _module_preset=&#8221;default&#8221; custom_button=&#8221;on&#8221; button_text_size=&#8221;32px&#8221; button_text_color=&#8221;#FFFFFF&#8221; button_bg_image=&#8221;https:\/\/fenyvesyachtclub.hu\/wp-content\/uploads\/gomb-rendezvenyhelyszin.jpg&#8221; button_letter_spacing=&#8221;1px&#8221; button_font=&#8221;DM Serif Display||||||||&#8221; button_use_icon=&#8221;off&#8221; custom_css_main_element=&#8221; width: 375px;|| max-width: 100%;|| height: 200px;|| vertical-align: middle; || display: table-cell !important;&#8221; global_colors_info=&#8221;{}&#8221; button_bg_color__hover_enabled=&#8221;on|hover&#8221; button_bg_image__hover=&#8221;https:\/\/fenyvesyachtclub.hu\/wp-content\/uploads\/gomb-over-rendezvenyhelyszin.jpg&#8221; button_bg_enable_image__hover=&#8221;on&#8221;][\/et_pb_button][et_pb_button button_url=&#8221;@ET-DC@eyJkeW5hbWljIjp0cnVlLCJjb250ZW50IjoicG9zdF9saW5rX3VybF9wYWdlIiwic2V0dGluZ3MiOnsicG9zdF9pZCI6IjYwNyJ9fQ==@&#8221; button_text=&#8221;Corporate Lunches, Dinners, Celebrations&#8221; button_alignment=&#8221;center&#8221; module_class=&#8221;gomb-event-place&#8221; _builder_version=&#8221;4.24.3&#8243; _dynamic_attributes=&#8221;button_url&#8221; _module_preset=&#8221;default&#8221; custom_button=&#8221;on&#8221; button_text_size=&#8221;32px&#8221; button_text_color=&#8221;#FFFFFF&#8221; button_bg_image=&#8221;https:\/\/fenyvesyachtclub.hu\/wp-content\/uploads\/gomb-rendezvenyhelyszin.jpg&#8221; button_letter_spacing=&#8221;1px&#8221; button_font=&#8221;DM Serif Display||||||||&#8221; button_use_icon=&#8221;off&#8221; custom_css_main_element=&#8221; width: 375px;|| max-width: 100%;|| height: 200px;|| vertical-align: middle; || display: table-cell !important;&#8221; global_colors_info=&#8221;{}&#8221; button_bg_color__hover_enabled=&#8221;on|hover&#8221; button_bg_image__hover=&#8221;https:\/\/fenyvesyachtclub.hu\/wp-content\/uploads\/gomb-over-rendezvenyhelyszin.jpg&#8221; button_bg_enable_image__hover=&#8221;on&#8221;][\/et_pb_button][et_pb_button button_url=&#8221;@ET-DC@eyJkeW5hbWljIjp0cnVlLCJjb250ZW50IjoicG9zdF9saW5rX3VybF9wYWdlIiwic2V0dGluZ3MiOnsicG9zdF9pZCI6IjYwNiJ9fQ==@&#8221; button_text=&#8221;Incentive Trips, Events&#8221; button_alignment=&#8221;center&#8221; module_class=&#8221;gomb-event-place&#8221; _builder_version=&#8221;4.24.3&#8243; _dynamic_attributes=&#8221;button_url&#8221; _module_preset=&#8221;default&#8221; custom_button=&#8221;on&#8221; button_text_size=&#8221;32px&#8221; button_text_color=&#8221;#FFFFFF&#8221; button_bg_image=&#8221;https:\/\/fenyvesyachtclub.hu\/wp-content\/uploads\/gomb-rendezvenyhelyszin.jpg&#8221; button_letter_spacing=&#8221;1px&#8221; button_font=&#8221;DM Serif Display||||||||&#8221; button_use_icon=&#8221;off&#8221; custom_css_main_element=&#8221; width: 375px;|| max-width: 100%;|| height: 200px;|| vertical-align: middle; || display: table-cell !important;&#8221; global_colors_info=&#8221;{}&#8221; button_bg_color__hover_enabled=&#8221;on|hover&#8221; button_bg_image__hover=&#8221;https:\/\/fenyvesyachtclub.hu\/wp-content\/uploads\/gomb-over-rendezvenyhelyszin.jpg&#8221; button_bg_enable_image__hover=&#8221;on&#8221;][\/et_pb_button][\/et_pb_column][\/et_pb_row][\/et_pb_section]\n","protected":false},"excerpt":{"rendered":"<p>Corporate events Fenyves Yacht Club is an ideal location for conferences up to 200 people, large and small corporate team building, incentive trips and trainings. Nagy \u00e9s kis l\u00e9tsz\u00e1m\u00fa v\u00e1llalati rendezv\u00e9nyek 200 f\u0151s rendezv\u00e9nyterem Our event hall, which can accommodate 200 people and has a detachable meeting room, is equipped with a projector, sound system, [&hellip;]<\/p>\n","protected":false},"author":1,"featured_media":0,"parent":1196,"menu_order":0,"comment_status":"closed","ping_status":"closed","template":"","meta":{"_et_pb_use_builder":"on","_et_pb_old_content":"","_et_gb_content_width":"","footnotes":""},"class_list":["post-1210","page","type-page","status-publish","hentry"],"_links":{"self":[{"href":"https:\/\/fenyvesyachtclub.hu\/en\/wp-json\/wp\/v2\/pages\/1210","targetHints":{"allow":["GET"]}}],"collection":[{"href":"https:\/\/fenyvesyachtclub.hu\/en\/wp-json\/wp\/v2\/pages"}],"about":[{"href":"https:\/\/fenyvesyachtclub.hu\/en\/wp-json\/wp\/v2\/types\/page"}],"author":[{"embeddable":true,"href":"https:\/\/fenyvesyachtclub.hu\/en\/wp-json\/wp\/v2\/users\/1"}],"replies":[{"embeddable":true,"href":"https:\/\/fenyvesyachtclub.hu\/en\/wp-json\/wp\/v2\/comments?post=1210"}],"version-history":[{"count":5,"href":"https:\/\/fenyvesyachtclub.hu\/en\/wp-json\/wp\/v2\/pages\/1210\/revisions"}],"predecessor-version":[{"id":1708,"href":"https:\/\/fenyvesyachtclub.hu\/en\/wp-json\/wp\/v2\/pages\/1210\/revisions\/1708"}],"up":[{"embeddable":true,"href":"https:\/\/fenyvesyachtclub.hu\/en\/wp-json\/wp\/v2\/pages\/1196"}],"wp:attachment":[{"href":"https:\/\/fenyvesyachtclub.hu\/en\/wp-json\/wp\/v2\/media?parent=1210"}],"curies":[{"name":"wp","href":"https:\/\/api.w.org\/{rel}","templated":true}]}}