{"id":1199,"date":"2024-04-01T13:16:58","date_gmt":"2024-04-01T11:16:58","guid":{"rendered":"https:\/\/newsite.fenyvesyachtclub.hu\/?page_id=1199"},"modified":"2024-05-08T11:42:47","modified_gmt":"2024-05-08T09:42:47","slug":"weddings","status":"publish","type":"page","link":"https:\/\/fenyvesyachtclub.hu\/en\/events\/weddings\/","title":{"rendered":"Weddings"},"content":{"rendered":"[et_pb_section fb_built=&#8221;1&#8243; fullwidth=&#8221;on&#8221; _builder_version=&#8221;4.24.2&#8243; _module_preset=&#8221;default&#8221; global_colors_info=&#8221;{}&#8221;][et_pb_fullwidth_image src=&#8221;https:\/\/fenyvesyachtclub.hu\/wp-content\/uploads\/eskuvok-header.jpg&#8221; title_text=&#8221;eskuvok-header&#8221; _builder_version=&#8221;4.24.2&#8243; _module_preset=&#8221;default&#8221; global_colors_info=&#8221;{}&#8221;][\/et_pb_fullwidth_image][\/et_pb_section][et_pb_section fb_built=&#8221;1&#8243; admin_label=&#8221;Fenyves yacht club&#8221; module_id=&#8221;a_rolunk&#8221; _builder_version=&#8221;4.24.2&#8243; _module_preset=&#8221;default&#8221; background_image=&#8221;https:\/\/fenyvesyachtclub.hu\/wp-content\/uploads\/epluet-bg.jpg&#8221; custom_padding=&#8221;33px||25px|||&#8221; global_colors_info=&#8221;{}&#8221;][et_pb_row _builder_version=&#8221;4.24.2&#8243; _module_preset=&#8221;default&#8221; global_colors_info=&#8221;{}&#8221;][et_pb_column type=&#8221;4_4&#8243; _builder_version=&#8221;4.24.2&#8243; _module_preset=&#8221;default&#8221; global_colors_info=&#8221;{}&#8221;][et_pb_text _builder_version=&#8221;4.24.2&#8243; _module_preset=&#8221;default&#8221; header_2_line_height=&#8221;1.1em&#8221; custom_css_free_form=&#8221;selector img { margin-top: 18px;}&#8221; global_colors_info=&#8221;{}&#8221;]\n<h1 style=\"text-align: center;\">Weddings<\/h1>\n<p style=\"text-align: center;\"><img loading=\"lazy\" decoding=\"async\" class=\"wp-image-400 alignnone size-full\" src=\"https:\/\/fenyvesyachtclub.hu\/wp-content\/uploads\/wave-dark.png\" alt=\"\" width=\"100\" height=\"10\" \/><\/p>\n<p class=\"normal\" style=\"text-align: center;\">Entering by sailing boat, saying Yes on the pier, partying until dawn, excellent food and drinks: <br \/>this is the Balaton dream wedding at the Fenyves Yacht Club.<\/p>\n[\/et_pb_text][\/et_pb_column][\/et_pb_row][\/et_pb_section][et_pb_section fb_built=&#8221;1&#8243; custom_padding_last_edited=&#8221;on|tablet&#8221; admin_label=&#8221;Kik\u00f6t\u0151&#8221; module_class=&#8221;sx-left-image-block&#8221; _builder_version=&#8221;4.24.2&#8243; _module_preset=&#8221;default&#8221; background_color=&#8221;RGBA(255,255,255,0)&#8221; background_image=&#8221;https:\/\/fenyvesyachtclub.hu\/wp-content\/uploads\/eskuvo-nagy.jpg&#8221; background_size=&#8221;contain&#8221; background_position=&#8221;center_right&#8221; background_horizontal_offset=&#8221;77%&#8221; custom_margin=&#8221;0px||1px||false|false&#8221; custom_margin_tablet=&#8221;&#8221; custom_margin_phone=&#8221;&#8221; custom_margin_last_edited=&#8221;on|tablet&#8221; custom_padding=&#8221;||||false|false&#8221; custom_padding_tablet=&#8221;10px||10px||true|false&#8221; custom_padding_phone=&#8221;&#8221; background_last_edited=&#8221;on|tablet&#8221; background_enable_image_tablet=&#8221;off&#8221; custom_css_main_element=&#8221; background-position: right 58vw center !important;&#8221; border_color_top=&#8221;#C2A47B&#8221; border_color_bottom=&#8221;#C2A47B&#8221; global_colors_info=&#8221;{}&#8221; custom_css_main_element_last_edited=&#8221;on|desktop&#8221; custom_css_main_element_tablet=&#8221; background-position: right 58vw center !important;&#8221; custom_css_main_element_phone=&#8221; background-position: right 58vw center !important;&#8221;][et_pb_row column_structure=&#8221;1_2,1_2&#8243; _builder_version=&#8221;4.24.2&#8243; _module_preset=&#8221;default&#8221; width=&#8221;100%&#8221; custom_padding=&#8221;||3px|||&#8221; global_colors_info=&#8221;{}&#8221; custom_css_main_element_last_edited=&#8221;on|tablet&#8221; custom_css_main_element_tablet=&#8221; display: flex;|| flex-direction: column-reverse;&#8221; custom_css_main_element_phone=&#8221; display: flex;|| flex-direction: column-reverse;&#8221;][et_pb_column type=&#8221;1_2&#8243; _builder_version=&#8221;4.24.2&#8243; _module_preset=&#8221;default&#8221; custom_padding_tablet=&#8221;||||false|false&#8221; custom_padding_phone=&#8221;&#8221; custom_padding_last_edited=&#8221;on|tablet&#8221; background_last_edited=&#8221;on|tablet&#8221; background_image_tablet=&#8221;https:\/\/fenyvesyachtclub.hu\/wp-content\/uploads\/eskuvo-nagy.jpg&#8221; background_enable_image_tablet=&#8221;on&#8221; background_size_tablet=&#8221;contain&#8221; background_position_tablet=&#8221;bottom_left&#8221; global_colors_info=&#8221;{}&#8221; custom_css_main_element_last_edited=&#8221;on|phone&#8221; custom_css_main_element_tablet=&#8221;padding: 50px;||background-size: contain;||background-position: right 20vw center;&#8221; custom_css_main_element_phone=&#8221;padding: 50px 40px;||background-size: cover;||background-position: right 20vw center;&#8221;][et_pb_image src=&#8221;https:\/\/fenyvesyachtclub.hu\/wp-content\/uploads\/eskuvo-kicsi.jpg&#8221; title_text=&#8221;eskuvo-kicsi&#8221; align=&#8221;right&#8221; _builder_version=&#8221;4.24.2&#8243; _module_preset=&#8221;default&#8221; max_width_tablet=&#8221;&#8221; max_width_phone=&#8221;180px&#8221; max_width_last_edited=&#8221;on|phone&#8221; height_last_edited=&#8221;off|phone&#8221; border_width_all=&#8221;16px&#8221; border_color_all=&#8221;#FFFFFF&#8221; global_colors_info=&#8221;{}&#8221;][\/et_pb_image][\/et_pb_column][et_pb_column type=&#8221;1_2&#8243; _builder_version=&#8221;4.24.2&#8243; _module_preset=&#8221;default&#8221; custom_padding=&#8221;|||||true&#8221; custom_padding_tablet=&#8221;|10%||10%|false|true&#8221; custom_padding_phone=&#8221;&#8221; custom_padding_last_edited=&#8221;on|tablet&#8221; background_last_edited=&#8221;on|tablet&#8221; background_enable_image_phone=&#8221;off&#8221; global_colors_info=&#8221;{}&#8221;][et_pb_text _builder_version=&#8221;4.24.2&#8243; _module_preset=&#8221;default&#8221; header_2_font_size=&#8221;50px&#8221; header_2_line_height=&#8221;1.1em&#8221; header_6_font=&#8221;Montserrat|||on|||||&#8221; header_6_text_color=&#8221;#081F40&#8243; header_6_font_size=&#8221;18px&#8221; custom_margin=&#8221;100px||||false|false&#8221; custom_css_free_form=&#8221;selector h6 { margin: 6px 0px;}||selector h2 { margin-bottom: 12px;}||selector img { margin-bottom: 12px;}&#8221; global_colors_info=&#8221;{}&#8221;]\n<p><img loading=\"lazy\" decoding=\"async\" class=\"wp-image-400 alignnone size-full\" src=\"https:\/\/fenyvesyachtclub.hu\/wp-content\/uploads\/wave-dark.png\" alt=\"\" width=\"100\" height=\"10\" \/><\/p>\n<h2>A nagy nap egy k\u00fcl\u00f6nleges helyen<\/h2>\n<h6>200 f\u0151s rendezv\u00e9nyterem<\/h6>\n<p class=\"normal\">On the big day, our pier extending into Lake Balaton (which is also an excellent photo location), our huge green garden and terrace, and our event hall with capacity of 200 people are at your disposal. If required, we undertake the entire wedding organization. Our kitchen prepares a menu according to your wishes. We provide accommodation for the guests and organize an after party if required.<\/p>\n[\/et_pb_text][\/et_pb_column][\/et_pb_row][\/et_pb_section]\n","protected":false},"excerpt":{"rendered":"<p>Weddings Entering by sailing boat, saying Yes on the pier, partying until dawn, excellent food and drinks: this is the Balaton dream wedding at the Fenyves Yacht Club. A nagy nap egy k\u00fcl\u00f6nleges helyen 200 f\u0151s rendezv\u00e9nyterem On the big day, our pier extending into Lake Balaton (which is also an excellent photo location), our [&hellip;]<\/p>\n","protected":false},"author":1,"featured_media":0,"parent":1196,"menu_order":0,"comment_status":"closed","ping_status":"closed","template":"","meta":{"_et_pb_use_builder":"on","_et_pb_old_content":"","_et_gb_content_width":"","footnotes":""},"class_list":["post-1199","page","type-page","status-publish","hentry"],"_links":{"self":[{"href":"https:\/\/fenyvesyachtclub.hu\/en\/wp-json\/wp\/v2\/pages\/1199","targetHints":{"allow":["GET"]}}],"collection":[{"href":"https:\/\/fenyvesyachtclub.hu\/en\/wp-json\/wp\/v2\/pages"}],"about":[{"href":"https:\/\/fenyvesyachtclub.hu\/en\/wp-json\/wp\/v2\/types\/page"}],"author":[{"embeddable":true,"href":"https:\/\/fenyvesyachtclub.hu\/en\/wp-json\/wp\/v2\/users\/1"}],"replies":[{"embeddable":true,"href":"https:\/\/fenyvesyachtclub.hu\/en\/wp-json\/wp\/v2\/comments?post=1199"}],"version-history":[{"count":6,"href":"https:\/\/fenyvesyachtclub.hu\/en\/wp-json\/wp\/v2\/pages\/1199\/revisions"}],"predecessor-version":[{"id":1705,"href":"https:\/\/fenyvesyachtclub.hu\/en\/wp-json\/wp\/v2\/pages\/1199\/revisions\/1705"}],"up":[{"embeddable":true,"href":"https:\/\/fenyvesyachtclub.hu\/en\/wp-json\/wp\/v2\/pages\/1196"}],"wp:attachment":[{"href":"https:\/\/fenyvesyachtclub.hu\/en\/wp-json\/wp\/v2\/media?parent=1199"}],"curies":[{"name":"wp","href":"https:\/\/api.w.org\/{rel}","templated":true}]}}