{"id":1364,"date":"2024-04-01T14:05:34","date_gmt":"2024-04-01T12:05:34","guid":{"rendered":"https:\/\/newsite.fenyvesyachtclub.hu\/?page_id=1364"},"modified":"2024-05-09T10:42:50","modified_gmt":"2024-05-09T08:42:50","slug":"veranstaltungen-2","status":"publish","type":"page","link":"https:\/\/fenyvesyachtclub.hu\/de\/veranstaltungen\/firmenveranstaltungen\/veranstaltungen-2\/","title":{"rendered":"Leistungreisen, Firmen Veranstaltungen"},"content":{"rendered":"\n<p>LASSEN SIE DAS GEW\u00d6HNLICHE HINTER SICH<\/p>\n\n\n\n<p>Suchen Sie einen besonderen Ort, an dem Sie anregende Freizeitaktivit\u00e4ten f\u00fcr Ihr Team organisieren k\u00f6nnen? Entdecken Sie die M\u00f6glichkeiten, die der Fenyves Yacht Club bietet!<\/p>\n\n\n\n<p>Ob es sich um eine motivierende oder belohnende Reise, ein Teambuilding-Programm oder eine Gesch\u00e4ftsveranstaltung handelt, bei uns finden Sie die ideale Location und Programme.<\/p>\n\n\n\n<p>AN LAND UND WASSER, DRINNEN UND DRAUSSEN<\/p>\n\n\n\n<p>Organisieren Sie Wassersportaktivit\u00e4ten von unserem Yachthafen aus, gehen Sie segeln oder rudern, genie\u00dfen Sie die zahlreichen Unterhaltungs- und Wellnessm\u00f6glichkeiten in unserem Hotelentertainment- und Wellnesscenter oder bewundern Sie die Sch\u00f6nheit der Natur an der Seepromenade. Workshops, Schulungen und verschiedene Unterhaltungsprogramme erwarten Sie in unserem Veranstaltungssaal oder unserem ausgedehnten Garten. Genie\u00dfen Sie die K\u00f6stlichkeiten unseres Restaurants, der Innen- und Au\u00dfenbars.<\/p>\n\n\n\n<p>Steigern Sie das Engagement und die Zufriedenheit Ihrer Mitarbeiter sowie den Ruf Ihres Unternehmens durch eine unvergessliche Reise in unserem Komplex.<\/p>\n\n\n\n<p>FLEXIBILIT\u00c4T UND KREATIVIT\u00c4T<\/p>\n\n\n\n<p>Unsere Expertenorganisatoren sind darauf bedacht, alle Ihre W\u00fcnsche zu erf\u00fcllen und Ihren Betriebsausflug am Balaton perfekt zu gestalten.<\/p>\n\n\n\n<p>W\u00e4hlen Sie den Fenyves Yacht Club f\u00fcr inspirierende und motivierende Freizeitprogramme und machen Sie die Entspannung Ihres Teams unvergesslich!<\/p>\n\n\n\n<p>Kontaktieren Sie unsere Veranstaltungsorganisatoren und fordern Sie ein personalisiertes Angebot an.<\/p>\n","protected":false},"excerpt":{"rendered":"<p>LASSEN SIE DAS GEW\u00d6HNLICHE HINTER SICH Suchen Sie einen besonderen Ort, an dem Sie anregende Freizeitaktivit\u00e4ten f\u00fcr Ihr Team organisieren k\u00f6nnen? Entdecken Sie die M\u00f6glichkeiten, die der Fenyves Yacht Club bietet! Ob es sich um eine motivierende oder belohnende Reise, ein Teambuilding-Programm oder eine Gesch\u00e4ftsveranstaltung handelt, bei uns finden Sie die ideale Location und Programme. [&hellip;]<\/p>\n","protected":false},"author":1,"featured_media":0,"parent":1314,"menu_order":0,"comment_status":"closed","ping_status":"closed","template":"","meta":{"_et_pb_use_builder":"off","_et_pb_old_content":"","_et_gb_content_width":"","footnotes":""},"class_list":["post-1364","page","type-page","status-publish","hentry"],"_links":{"self":[{"href":"https:\/\/fenyvesyachtclub.hu\/de\/wp-json\/wp\/v2\/pages\/1364","targetHints":{"allow":["GET"]}}],"collection":[{"href":"https:\/\/fenyvesyachtclub.hu\/de\/wp-json\/wp\/v2\/pages"}],"about":[{"href":"https:\/\/fenyvesyachtclub.hu\/de\/wp-json\/wp\/v2\/types\/page"}],"author":[{"embeddable":true,"href":"https:\/\/fenyvesyachtclub.hu\/de\/wp-json\/wp\/v2\/users\/1"}],"replies":[{"embeddable":true,"href":"https:\/\/fenyvesyachtclub.hu\/de\/wp-json\/wp\/v2\/comments?post=1364"}],"version-history":[{"count":5,"href":"https:\/\/fenyvesyachtclub.hu\/de\/wp-json\/wp\/v2\/pages\/1364\/revisions"}],"predecessor-version":[{"id":1827,"href":"https:\/\/fenyvesyachtclub.hu\/de\/wp-json\/wp\/v2\/pages\/1364\/revisions\/1827"}],"up":[{"embeddable":true,"href":"https:\/\/fenyvesyachtclub.hu\/de\/wp-json\/wp\/v2\/pages\/1314"}],"wp:attachment":[{"href":"https:\/\/fenyvesyachtclub.hu\/de\/wp-json\/wp\/v2\/media?parent=1364"}],"curies":[{"name":"wp","href":"https:\/\/api.w.org\/{rel}","templated":true}]}}