{"id":1360,"date":"2024-04-01T14:05:40","date_gmt":"2024-04-01T12:05:40","guid":{"rendered":"https:\/\/newsite.fenyvesyachtclub.hu\/?page_id=1360"},"modified":"2024-05-09T10:37:23","modified_gmt":"2024-05-09T08:37:23","slug":"firmenmittagessen","status":"publish","type":"page","link":"https:\/\/fenyvesyachtclub.hu\/de\/veranstaltungen\/firmenveranstaltungen\/firmenmittagessen\/","title":{"rendered":"Firmenmittag- und Abendessen, Feiern"},"content":{"rendered":"\n<p>Die Feier von Gesch\u00e4ftserfolgen, Verhandlungen bei feinem Essen oder die Organisation von Teambuilding-Veranstaltungen? Lassen Sie Fenyves Yacht Club Ihre Veranstaltungsst\u00e4tte sein!<\/p>\n\n\n\n<p>FLEXIBILIT\u00c4T<\/p>\n\n\n\n<p>In unserem exklusiven Restaurant k\u00f6nnen Sie spezielle Gesch\u00e4ftsmittagessen und -abendessen mit raffinierten kulinarischen Erlebnissen und k\u00f6stlichen lokalen und internationalen Gerichten organisieren, die Ihren Bed\u00fcrfnissen entsprechen. Unser Veranstaltungssaal kann in Gr\u00f6\u00dfe und Dekoration angepasst werden. Er bietet Platz f\u00fcr bis zu 150 G\u00e4ste f\u00fcr sitzende oder stehende Veranstaltungen, Buffet oder Men\u00fc-Service.<\/p>\n\n\n\n<p>KULINARISCHE ERLEBNISSE<\/p>\n\n\n\n<p>Verw\u00f6hnen Sie Ihre G\u00e4ste mit einem auf Ihre W\u00fcnsche zugeschnittenen Men\u00fc mit Empfehlungen unseres Kochs: Wir passen unsere Gerichte an Ihre Bed\u00fcrfnisse an. Ob modern, speziell oder traditionell, ob regional oder international &#8211; wir bereiten Gerichte von ausgezeichneter Qualit\u00e4t aus hochwertigen Zutaten zu.<\/p>\n\n\n\n<p>BESONDERE \u00d6RTLICHKEITEN<\/p>\n\n\n\n<p>Wenn Sie nach etwas wirklich Besonderem suchen, organisieren Sie Ihre Veranstaltung neben unserem Yachthafen! In einer wundersch\u00f6nen Umgebung, nahe der Natur, k\u00f6nnen Sie die festliche Atmosph\u00e4re genie\u00dfen. Wir k\u00f6nnen Ihre sitzende oder stehende Veranstaltung in unserem Veranstaltungssaal, Restaurant, auf der Terrasse oder sogar auf der Dachterrasse unserer Au\u00dfenbar ausrichten, die einen atemberaubenden Blick auf den Balaton und den Badacsony bietet.<\/p>\n\n\n\n<p>Unser geschultes Personal steht Ihnen zur Verf\u00fcgung, um alle Ihre Ideen f\u00fcr ma\u00dfgeschneiderte Veranstaltungen und Feiern umzusetzen.<\/p>\n\n\n\n<p>Kontaktieren Sie uns jetzt und machen Sie Ihre Gesch\u00e4ftsveranstaltung im Fenyves Yacht Club unvergesslich!<\/p>\n","protected":false},"excerpt":{"rendered":"<p>Die Feier von Gesch\u00e4ftserfolgen, Verhandlungen bei feinem Essen oder die Organisation von Teambuilding-Veranstaltungen? Lassen Sie Fenyves Yacht Club Ihre Veranstaltungsst\u00e4tte sein! FLEXIBILIT\u00c4T In unserem exklusiven Restaurant k\u00f6nnen Sie spezielle Gesch\u00e4ftsmittagessen und -abendessen mit raffinierten kulinarischen Erlebnissen und k\u00f6stlichen lokalen und internationalen Gerichten organisieren, die Ihren Bed\u00fcrfnissen entsprechen. Unser Veranstaltungssaal kann in Gr\u00f6\u00dfe und Dekoration angepasst [&hellip;]<\/p>\n","protected":false},"author":1,"featured_media":0,"parent":1314,"menu_order":0,"comment_status":"closed","ping_status":"closed","template":"","meta":{"_et_pb_use_builder":"off","_et_pb_old_content":"","_et_gb_content_width":"","footnotes":""},"class_list":["post-1360","page","type-page","status-publish","hentry"],"_links":{"self":[{"href":"https:\/\/fenyvesyachtclub.hu\/de\/wp-json\/wp\/v2\/pages\/1360","targetHints":{"allow":["GET"]}}],"collection":[{"href":"https:\/\/fenyvesyachtclub.hu\/de\/wp-json\/wp\/v2\/pages"}],"about":[{"href":"https:\/\/fenyvesyachtclub.hu\/de\/wp-json\/wp\/v2\/types\/page"}],"author":[{"embeddable":true,"href":"https:\/\/fenyvesyachtclub.hu\/de\/wp-json\/wp\/v2\/users\/1"}],"replies":[{"embeddable":true,"href":"https:\/\/fenyvesyachtclub.hu\/de\/wp-json\/wp\/v2\/comments?post=1360"}],"version-history":[{"count":5,"href":"https:\/\/fenyvesyachtclub.hu\/de\/wp-json\/wp\/v2\/pages\/1360\/revisions"}],"predecessor-version":[{"id":1821,"href":"https:\/\/fenyvesyachtclub.hu\/de\/wp-json\/wp\/v2\/pages\/1360\/revisions\/1821"}],"up":[{"embeddable":true,"href":"https:\/\/fenyvesyachtclub.hu\/de\/wp-json\/wp\/v2\/pages\/1314"}],"wp:attachment":[{"href":"https:\/\/fenyvesyachtclub.hu\/de\/wp-json\/wp\/v2\/media?parent=1360"}],"curies":[{"name":"wp","href":"https:\/\/api.w.org\/{rel}","templated":true}]}}