{"id":1356,"date":"2024-04-01T14:04:54","date_gmt":"2024-04-01T12:04:54","guid":{"rendered":"https:\/\/newsite.fenyvesyachtclub.hu\/?page_id=1356"},"modified":"2024-05-09T10:38:36","modified_gmt":"2024-05-09T08:38:36","slug":"produktpraesentationsveranstaltungen","status":"publish","type":"page","link":"https:\/\/fenyvesyachtclub.hu\/de\/veranstaltungen\/firmenveranstaltungen\/produktpraesentationsveranstaltungen\/","title":{"rendered":"Produkteinf\u00fchrungen\u2028"},"content":{"rendered":"\n<p>EIN BESONDERER ORT F\u00dcR EIN BESONDERES EVENT<\/p>\n\n\n\n<p>Die Einf\u00fchrung eines neuen Produkts ist ein bedeutendes Ereignis, das eine Umgebung verdient, die ebenso beeindruckend ist wie die Neuheit Ihres Unternehmens. Im Fenyves Yacht Club bieten wir den perfekten Rahmen f\u00fcr Produktpr\u00e4sentationen und -einf\u00fchrungen und schaffen so eine anspruchsvolle und dynamische Umgebung f\u00fcr die Vorstellung Ihres neuesten Produkts oder Services.<\/p>\n\n\n\n<p>MA\u00dfGESCHNEIDERTE AUSR\u00dcSTUNG<\/p>\n\n\n\n<p>Unser moderner Konferenzsaal sowie unsere Tagungsr\u00e4ume unterschiedlicher Gr\u00f6\u00dfen erm\u00f6glichen es Ihnen, Ihre Pr\u00e4sentation ganz nach Ihren individuellen Bed\u00fcrfnissen anzupassen. Zu jedem Zeitpunkt k\u00f6nnen Sie bis zu 150 Personen bei Ihrer Veranstaltung empfangen, wobei unser engagiertes Unterst\u00fctzungspersonal mit unserer modernen Ausstattung (Projektor, Bildschirm, Soundanlagen, Gro\u00dfbildfernseher, schnelles WLAN, Flipchart, Druckoptionen) beeindrucken wird, sowohl Ihre G\u00e4ste als auch Fachleute Ihrer Branche.<\/p>\n\n\n\n<p>UNVERGESSLICHE ERLEBNISSE<\/p>\n\n\n\n<p>Nach der Pr\u00e4sentation verw\u00f6hnen Sie die Teilnehmer Ihrer Produkteinf\u00fchrung mit unvergesslichen Erlebnissen in unserem Yachthafen, Unterhaltungszentrum oder genie\u00dfen Sie ein Abendessen, das nach Ihren W\u00fcnschen in unserem Restaurant zubereitet wird, wo wir Catering nach Ihren Bed\u00fcrfnissen bieten.<\/p>\n\n\n\n<p>Kontaktieren Sie unseren Eventplaner und gemeinsam gestalten wir eine Produkteinf\u00fchrung, die in der gesamten Branche unvergesslich sein wird.<\/p>\n","protected":false},"excerpt":{"rendered":"<p>EIN BESONDERER ORT F\u00dcR EIN BESONDERES EVENT Die Einf\u00fchrung eines neuen Produkts ist ein bedeutendes Ereignis, das eine Umgebung verdient, die ebenso beeindruckend ist wie die Neuheit Ihres Unternehmens. Im Fenyves Yacht Club bieten wir den perfekten Rahmen f\u00fcr Produktpr\u00e4sentationen und -einf\u00fchrungen und schaffen so eine anspruchsvolle und dynamische Umgebung f\u00fcr die Vorstellung Ihres neuesten [&hellip;]<\/p>\n","protected":false},"author":1,"featured_media":0,"parent":1314,"menu_order":0,"comment_status":"closed","ping_status":"closed","template":"","meta":{"_et_pb_use_builder":"off","_et_pb_old_content":"","_et_gb_content_width":"","footnotes":""},"class_list":["post-1356","page","type-page","status-publish","hentry"],"_links":{"self":[{"href":"https:\/\/fenyvesyachtclub.hu\/de\/wp-json\/wp\/v2\/pages\/1356","targetHints":{"allow":["GET"]}}],"collection":[{"href":"https:\/\/fenyvesyachtclub.hu\/de\/wp-json\/wp\/v2\/pages"}],"about":[{"href":"https:\/\/fenyvesyachtclub.hu\/de\/wp-json\/wp\/v2\/types\/page"}],"author":[{"embeddable":true,"href":"https:\/\/fenyvesyachtclub.hu\/de\/wp-json\/wp\/v2\/users\/1"}],"replies":[{"embeddable":true,"href":"https:\/\/fenyvesyachtclub.hu\/de\/wp-json\/wp\/v2\/comments?post=1356"}],"version-history":[{"count":4,"href":"https:\/\/fenyvesyachtclub.hu\/de\/wp-json\/wp\/v2\/pages\/1356\/revisions"}],"predecessor-version":[{"id":1822,"href":"https:\/\/fenyvesyachtclub.hu\/de\/wp-json\/wp\/v2\/pages\/1356\/revisions\/1822"}],"up":[{"embeddable":true,"href":"https:\/\/fenyvesyachtclub.hu\/de\/wp-json\/wp\/v2\/pages\/1314"}],"wp:attachment":[{"href":"https:\/\/fenyvesyachtclub.hu\/de\/wp-json\/wp\/v2\/media?parent=1356"}],"curies":[{"name":"wp","href":"https:\/\/api.w.org\/{rel}","templated":true}]}}