{"id":1352,"date":"2024-04-01T14:04:25","date_gmt":"2024-04-01T12:04:25","guid":{"rendered":"https:\/\/newsite.fenyvesyachtclub.hu\/?page_id=1352"},"modified":"2024-05-09T10:40:15","modified_gmt":"2024-05-09T08:40:15","slug":"schulungen","status":"publish","type":"page","link":"https:\/\/fenyvesyachtclub.hu\/de\/veranstaltungen\/firmenveranstaltungen\/schulungen\/","title":{"rendered":"Trainings, Seminare, Workshops"},"content":{"rendered":"\n<p>Fenyves Yacht Club &#8211; der ideale Ort f\u00fcr kleine und mittelst\u00e4ndische Unternehmensveranstaltungen<\/p>\n\n\n\n<p>AN IHRE BED\u00dcRFNISSE ANGEPASSTE SERVICES<\/p>\n\n\n\n<p>Unser Veranstaltungssaal und unser Tagungsraum, die Platz f\u00fcr bis zu 150 Personen bieten und je nach Bedarf angepasst werden k\u00f6nnen, bieten die perfekte Umgebung f\u00fcr erfolgreiche Arbeit, (auch praktische) Schulungen und Brainstorming-Sitzungen. Wir unterst\u00fctzen Ihre Veranstaltungen mit modernster Technologie (Projektor, Bildschirm, Gro\u00dfbildfernseher, Mikrofone und Audioausr\u00fcstung, Flipchart, Druckoptionen) und einem engagierten Team, das Ihnen immer zur Verf\u00fcgung steht. Ob es sich um ein Teambuilding-Event, ein Seminar oder einen wichtigen Gesch\u00e4ftsworkshop handelt, unsere vielseitigen Einrichtungen bieten Platz f\u00fcr Veranstaltungen jeder Gr\u00f6\u00dfe.<\/p>\n\n\n\n<p>VIELF\u00c4LTIGE SERVICES<\/p>\n\n\n\n<p>Nach der Arbeit entspannen und regenerieren Sie sich im Unterhaltungszentrum unseres Boutique-Hotels, in unseren Saunen oder genie\u00dfen Sie k\u00f6stliche Mahlzeiten in unserem Restaurant, das Men\u00fcs nach Ihren W\u00fcnschen zusammenstellt. Am Ende des Tages entspannen Sie sich in einer unserer beiden Bars: F\u00fchren Sie Gespr\u00e4che und genie\u00dfen Sie erfrischende Getr\u00e4nke im Unterhaltungszentrum oder sogar in der open-air Bar unter den Sternen. Kontaktieren Sie uns noch heute, um Ihre Veranstaltung zu buchen, und lassen Sie uns Ihre Erwartungen \u00fcbertreffen.<\/p>\n","protected":false},"excerpt":{"rendered":"<p>Fenyves Yacht Club &#8211; der ideale Ort f\u00fcr kleine und mittelst\u00e4ndische Unternehmensveranstaltungen AN IHRE BED\u00dcRFNISSE ANGEPASSTE SERVICES Unser Veranstaltungssaal und unser Tagungsraum, die Platz f\u00fcr bis zu 150 Personen bieten und je nach Bedarf angepasst werden k\u00f6nnen, bieten die perfekte Umgebung f\u00fcr erfolgreiche Arbeit, (auch praktische) Schulungen und Brainstorming-Sitzungen. Wir unterst\u00fctzen Ihre Veranstaltungen mit modernster [&hellip;]<\/p>\n","protected":false},"author":1,"featured_media":0,"parent":1314,"menu_order":0,"comment_status":"closed","ping_status":"closed","template":"","meta":{"_et_pb_use_builder":"on","_et_pb_old_content":"","_et_gb_content_width":"","footnotes":""},"class_list":["post-1352","page","type-page","status-publish","hentry"],"_links":{"self":[{"href":"https:\/\/fenyvesyachtclub.hu\/de\/wp-json\/wp\/v2\/pages\/1352","targetHints":{"allow":["GET"]}}],"collection":[{"href":"https:\/\/fenyvesyachtclub.hu\/de\/wp-json\/wp\/v2\/pages"}],"about":[{"href":"https:\/\/fenyvesyachtclub.hu\/de\/wp-json\/wp\/v2\/types\/page"}],"author":[{"embeddable":true,"href":"https:\/\/fenyvesyachtclub.hu\/de\/wp-json\/wp\/v2\/users\/1"}],"replies":[{"embeddable":true,"href":"https:\/\/fenyvesyachtclub.hu\/de\/wp-json\/wp\/v2\/comments?post=1352"}],"version-history":[{"count":5,"href":"https:\/\/fenyvesyachtclub.hu\/de\/wp-json\/wp\/v2\/pages\/1352\/revisions"}],"predecessor-version":[{"id":1824,"href":"https:\/\/fenyvesyachtclub.hu\/de\/wp-json\/wp\/v2\/pages\/1352\/revisions\/1824"}],"up":[{"embeddable":true,"href":"https:\/\/fenyvesyachtclub.hu\/de\/wp-json\/wp\/v2\/pages\/1314"}],"wp:attachment":[{"href":"https:\/\/fenyvesyachtclub.hu\/de\/wp-json\/wp\/v2\/media?parent=1352"}],"curies":[{"name":"wp","href":"https:\/\/api.w.org\/{rel}","templated":true}]}}