{"id":1343,"date":"2024-04-01T14:04:03","date_gmt":"2024-04-01T12:04:03","guid":{"rendered":"https:\/\/newsite.fenyvesyachtclub.hu\/?page_id=1343"},"modified":"2024-05-08T11:53:25","modified_gmt":"2024-05-08T09:53:25","slug":"konferenzen","status":"publish","type":"page","link":"https:\/\/fenyvesyachtclub.hu\/de\/veranstaltungen\/firmenveranstaltungen\/konferenzen\/","title":{"rendered":"Konferenzen"},"content":{"rendered":"[et_pb_section fb_built=&#8220;1&#8243; fullwidth=&#8220;on&#8220; _builder_version=&#8220;4.24.2&#8243; _module_preset=&#8220;default&#8220; global_colors_info=&#8220;{}&#8220;][et_pb_fullwidth_image src=&#8220;https:\/\/fenyvesyachtclub.hu\/wp-content\/uploads\/konferencia-header.jpg&#8220; title_text=&#8220;konferencia-header&#8220; _builder_version=&#8220;4.24.2&#8243; _module_preset=&#8220;default&#8220; global_colors_info=&#8220;{}&#8220;][\/et_pb_fullwidth_image][\/et_pb_section][et_pb_section fb_built=&#8220;1&#8243; admin_label=&#8220;Fenyves yacht club&#8220; module_id=&#8220;a_rolunk&#8220; _builder_version=&#8220;4.24.2&#8243; _module_preset=&#8220;default&#8220; background_image=&#8220;https:\/\/fenyvesyachtclub.hu\/wp-content\/uploads\/epluet-bg.jpg&#8220; custom_padding=&#8220;33px||25px|||&#8220; global_colors_info=&#8220;{}&#8220;][et_pb_row _builder_version=&#8220;4.24.2&#8243; _module_preset=&#8220;default&#8220; global_colors_info=&#8220;{}&#8220;][et_pb_column type=&#8220;4_4&#8243; _builder_version=&#8220;4.24.2&#8243; _module_preset=&#8220;default&#8220; global_colors_info=&#8220;{}&#8220;][et_pb_text _builder_version=&#8220;4.24.2&#8243; _module_preset=&#8220;default&#8220; header_line_height=&#8220;1.2em&#8220; header_2_line_height=&#8220;1.1em&#8220; custom_css_free_form=&#8220;selector img { margin-top: 18px;}&#8220; global_colors_info=&#8220;{}&#8220;]\n<h1 style=\"text-align: center;\">\u00dcdv\u00f6z\u00f6lj\u00fck a Fenyves Yacht Club<br \/>\nKonferencia Szolg\u00e1ltat\u00e1sainak oldal\u00e1n.<\/h1>\n<p style=\"text-align: center;\"><img loading=\"lazy\" decoding=\"async\" src=\"https:\/\/fenyvesyachtclub.hu\/wp-content\/uploads\/wave-dark.png\" width=\"100\" height=\"10\" alt=\"\" class=\"wp-image-400 alignnone size-full\" style=\"font-size: 16px;\" \/><\/p>\n<p style=\"text-align: center;\">Mi, a Fenyves Yacht Clubban tudjuk, milyen fontos \u00d6n\u00f6knek, hogy megrendez\u00e9sre v\u00e1r\u00f3 konferenci\u00e1juk hossz\u00fa ideig eml\u00e9kezetes maradjon. Felk\u00e9sz\u00fclt csapatunk a rendelkez\u00e9s\u00fckre \u00e1ll, hogy t\u00falsz\u00e1rnyalja az elv\u00e1r\u00e1saikat.<\/p>\n[\/et_pb_text][\/et_pb_column][\/et_pb_row][\/et_pb_section][et_pb_section fb_built=&#8220;1&#8243; _builder_version=&#8220;4.24.2&#8243; _module_preset=&#8220;default&#8220; custom_padding=&#8220;||2px|||&#8220; global_colors_info=&#8220;{}&#8220;][et_pb_row column_structure=&#8220;1_2,1_2&#8243; _builder_version=&#8220;4.24.2&#8243; _module_preset=&#8220;default&#8220; global_colors_info=&#8220;{}&#8220;][et_pb_column type=&#8220;1_2&#8243; _builder_version=&#8220;4.24.2&#8243; _module_preset=&#8220;default&#8220; global_colors_info=&#8220;{}&#8220;][et_pb_text _builder_version=&#8220;4.24.2&#8243; _module_preset=&#8220;default&#8220; header_2_font_size=&#8220;50px&#8220; header_2_line_height=&#8220;1.1em&#8220; header_6_font=&#8220;Montserrat|||on|||||&#8220; header_6_text_color=&#8220;#081F40&#8243; header_6_font_size=&#8220;18px&#8220; custom_margin=&#8220;||50px||false|false&#8220; custom_css_free_form=&#8220;selector h6 { margin: 6px 0px;}||selector h2 { margin-bottom: 12px;}||selector img { margin-bottom: 12px;}&#8220; global_colors_info=&#8220;{}&#8220;]<img loading=\"lazy\" decoding=\"async\" src=\"https:\/\/fenyvesyachtclub.hu\/wp-content\/uploads\/wave-dark.png\" width=\"100\" height=\"10\" alt=\"\" class=\"wp-image-400 alignnone size-full\" \/><\/p>\n<h2>Kiemelked\u0151 felszerelts\u00e9g<\/h2>\n<p>Sz\u00e1llod\u00e1nk a legmodernebb konferencia eszk\u00f6z\u00f6kkel \u00e9s l\u00e9tes\u00edtm\u00e9nyekkel b\u00fcszk\u00e9lkedhet. Konferenci\u00e1jukra modern technol\u00f3gi\u00e1t biztos\u00edtunk, ezzel t\u00e1mogatva bemutat\u00f3ikat, workshop-jaikat, tal\u00e1lkoz\u00f3ikat. A kis m\u00e9ret\u0171 t\u00e1rgyal\u00f3t\u00f3l a t\u00e1gas, ak\u00e1r 200 f\u0151t befogad\u00f3 konferenciateremig, minden m\u00e9ret\u0171 esem\u00e9nyhez t\u00f6k\u00e9letes helysz\u00ednt biztos\u00edtunk.<\/p>\n<p>A rendezv\u00e9nyeken modern audiovizu\u00e1lis felszerel\u00e9st (mikrofont, hangos\u00edt\u00e1st, hangtechnik\u00e1t, projektort, k\u00e9perny\u0151t, videokonferencia berendez\u00e9st), megb\u00edzhat\u00f3 \u00e9s gyors wi-fi-t, technikai seg\u00edts\u00e9gny\u00fajt\u00e1st, k\u00e9nyelmes \u00e9s ergon\u00f3mikus b\u00fatorzatot biztos\u00edtunk. Konferenciaterm\u00fcnk egyedileg szab\u00e1lyozhat\u00f3 kl\u00edm\u00e1val \u00e9s f\u00e9nnyel rendelkezik, a term\u00e9szetes f\u00e9ny mellett. Rendezv\u00e9ny\u00fckre nyomtat\u00e1si, f\u00e9nym\u00e1sol\u00e1si, szkennel\u00e9si lehet\u0151s\u00e9get biztos\u00edtunk.[\/et_pb_text][et_pb_text _builder_version=&#8220;4.24.2&#8243; _module_preset=&#8220;default&#8220; header_2_font_size=&#8220;50px&#8220; header_2_line_height=&#8220;1.1em&#8220; header_6_font=&#8220;Montserrat|||on|||||&#8220; header_6_text_color=&#8220;#081F40&#8243; header_6_font_size=&#8220;18px&#8220; custom_margin=&#8220;||50px||false|false&#8220; custom_css_free_form=&#8220;selector h6 { margin: 6px 0px;}||selector h2 { margin-bottom: 12px;}||selector img { margin-bottom: 12px;}&#8220; global_colors_info=&#8220;{}&#8220;]<img loading=\"lazy\" decoding=\"async\" src=\"https:\/\/fenyvesyachtclub.hu\/wp-content\/uploads\/wave-dark.png\" width=\"100\" height=\"10\" alt=\"\" class=\"wp-image-400 alignnone size-full\" \/><\/p>\n<h2>P\u00e1ratlan vend\u00e9gszeretet<\/h2>\n<p>Szak\u00e9rt\u0151 munkat\u00e1rsaink elk\u00f6telezetten dolgoznak azon, hogy kiv\u00e9teles szolg\u00e0ltat\u00e1st ny\u00fajtsanak \u00d6nnek \u00e9s vend\u00e9geinek az esem\u00e9ny teljes id\u0151tartama alatt. Gy\u00f6ny\u00f6r\u0171 balatonparti sz\u00e1llod\u00e1nk szob\u00e1i, bel- \u00e9s k\u00fclt\u00e9ri \u00e9tterme, szabadt\u00e8ri b\u00e1rja kiv\u00e9teles konyh\u00e1val \u00e9s sz\u00e9les italv\u00e1laszt\u00e9kkal n\u00edv\u00f3s k\u00f6rnyezetet biztos\u00edt konferenci\u00e1juk el\u0151tt, k\u00f6zben \u00e9s ut\u00e0n. \u00c9tterm\u00fcnk ig\u00e9nyeik szerinti ell\u00e1t\u00e1st biztos\u00edt, \u00edgy megszervezz\u00fck a k\u00e1v\u00e9sz\u00fcneteket; snack-et szolg\u00e1lunk fel; \u00fcltetett- \u00e9s \u00e1ll\u00f3fogad\u00e1ssal, t\u00e1ny\u00e9rszerv\u00edzes- \u00e9s sv\u00e9dasztalos reggelivel, eb\u00e9ddel, vacsor\u00e0val biztos\u00edtjuk a r\u00e9sztvev\u0151k j\u00f3ll\u00e9t\u00e9t.<\/p>\n<p>A konferencia elemeinek sz\u00e0ll\u00edt\u00e1s\u00e0t\u00f3l az elsz\u00e1ll\u00e1sol\u00e1s koordin\u00e1ci\u00f3j\u00e1ig minden r\u00e8szletet gondosan megtervez\u00fcnk. A konferencia r\u00e9sztvev\u0151i soromp\u00f3val elz\u00e1rt parkol\u00f3nkban parkolhatnak.[\/et_pb_text][\/et_pb_column][et_pb_column type=&#8220;1_2&#8243; _builder_version=&#8220;4.24.2&#8243; _module_preset=&#8220;default&#8220; global_colors_info=&#8220;{}&#8220;][et_pb_text _builder_version=&#8220;4.24.2&#8243; _module_preset=&#8220;default&#8220; header_2_font_size=&#8220;50px&#8220; header_2_line_height=&#8220;1.1em&#8220; header_6_font=&#8220;Montserrat|||on|||||&#8220; header_6_text_color=&#8220;#081F40&#8243; header_6_font_size=&#8220;18px&#8220; custom_margin=&#8220;||50px||false|false&#8220; custom_css_free_form=&#8220;selector h6 { margin: 6px 0px;}||selector h2 { margin-bottom: 12px;}||selector img { margin-bottom: 12px;}&#8220; global_colors_info=&#8220;{}&#8220;]<img loading=\"lazy\" decoding=\"async\" src=\"https:\/\/fenyvesyachtclub.hu\/wp-content\/uploads\/wave-dark.png\" width=\"100\" height=\"10\" alt=\"\" class=\"wp-image-400 alignnone size-full\" \/><\/p>\n<h2>Szem\u00e9lyre szabott csomagok<\/h2>\n<p>Szem\u00e9lyre szabott konferencia csomagokat k\u00edn\u00e1lunk, melyek az \u00d6n\u00f6k specifikus ig\u00e9nyeinek \u00e9s k\u00f6lts\u00e9gvet\u00e9s\u00e9nek megfelel\u0151en vannak kialak\u00edtva. V\u00e1lasszon a k\u00fcl\u00f6nb\u00f6z\u0151 lehet\u0151s\u00e9gek k\u00f6z\u00fcl, bele\u00e9rtve a terembe\u00e1ll\u00edt\u00e1st, a vend\u00e9gl\u00e1t\u00e1si szolg\u00e1ltat\u00e1sokat, az audiovizu\u00e1lis berendez\u00e9seket \u00e9s m\u00e9g sok m\u00e1st. Tapasztalt rendezv\u00e9nyszervez\u0151ink szorosan egy\u00fcttm\u0171k\u00f6dnek \u00d6n\u00f6kkel, hogy a c\u00e9ljaiknak megfelel\u0151, szem\u00e9lyre szabott csomagot \u00e1ll\u00edts\u00e1k \u00f6ssze.[\/et_pb_text][et_pb_text _builder_version=&#8220;4.24.2&#8243; _module_preset=&#8220;default&#8220; header_2_font_size=&#8220;50px&#8220; header_2_line_height=&#8220;1.1em&#8220; header_6_font=&#8220;Montserrat|||on|||||&#8220; header_6_text_color=&#8220;#081F40&#8243; header_6_font_size=&#8220;18px&#8220; custom_margin=&#8220;||50px||false|false&#8220; custom_css_free_form=&#8220;selector h6 { margin: 6px 0px;}||selector h2 { margin-bottom: 12px;}||selector img { margin-bottom: 12px;}&#8220; global_colors_info=&#8220;{}&#8220;]<img loading=\"lazy\" decoding=\"async\" src=\"https:\/\/fenyvesyachtclub.hu\/wp-content\/uploads\/wave-dark.png\" width=\"100\" height=\"10\" alt=\"\" class=\"wp-image-400 alignnone size-full\" \/><\/p>\n<h2>Inspir\u00e1l\u00f3 k\u00f6rnyezet<\/h2>\n<p>Sz\u00e1llod\u00e0nk k\u00f6zvetlen\u00fcl a Balaton partj\u00e0n, egy hatalmas, f\u00e1kkal be\u00fcltetett kertben, a Rig\u00f3-patak mellett helyezkedik el, saj\u00e1t kik\u00f6t\u0151nk szomsz\u00e9gs\u00e1g\u00e1ban, \u00edgy fest\u0151i k\u00f6rnyezetet k\u00edn\u00e1l rendezv\u00e9ny\u00e9nek.<\/p>\n<p>Konferenci\u00e1ja r\u00e9sztvev\u0151i k\u00f6zvetlen\u00fcl \u00e9lvezhetik a k\u00f6rnyezet sz\u00e9ps\u00e9g\u00e9t, a term\u00e9szet \u00e9s a v\u00edz k\u00f6zels\u00e9g\u00e9t. Mindezek mellett komplexumunk az aut\u00f3p\u00e1lya \u00e9s a vas\u00fat\u00e1llom\u00e1s k\u00f6zels\u00e9ge miatt k\u00f6nnyen el\u00e9rhet\u0151, ak\u00e0r aut\u00f3val, ak\u00e0r vonattal utaznak.[\/et_pb_text][et_pb_text _builder_version=&#8220;4.24.2&#8243; _module_preset=&#8220;default&#8220; header_2_font_size=&#8220;50px&#8220; header_2_line_height=&#8220;1.1em&#8220; header_6_font=&#8220;Montserrat|||on|||||&#8220; header_6_text_color=&#8220;#081F40&#8243; header_6_font_size=&#8220;18px&#8220; custom_margin=&#8220;||||false|false&#8220; custom_css_free_form=&#8220;selector h6 { margin: 6px 0px;}||selector h2 { margin-bottom: 12px;}||selector img { margin-bottom: 12px;}&#8220; global_colors_info=&#8220;{}&#8220;]<img loading=\"lazy\" decoding=\"async\" src=\"https:\/\/fenyvesyachtclub.hu\/wp-content\/uploads\/wave-dark.png\" width=\"100\" height=\"10\" alt=\"\" class=\"wp-image-400 alignnone size-full\" \/><\/p>\n<h2>T\u00f6bb, mint \u00fczleti rendezv\u00e8ny<\/h2>\n<p>A Fenyves Yacht Clubban els\u0151dleges c\u00e9lunk, hogy eml\u00e9kezetes esem\u00e9nyeket szervezz\u00fcnk, melyek t\u00falmutatnak az \u00fczleti rendezv\u00e9nyeken. Vegye ig\u00e9nybe helysz\u00edni szolg\u00e1ltat\u00e1sainkat (szaun\u00e1k, vitorl\u00e0z\u00e1s, bowling, darts, csocs\u00f3, bili\u00e0rd), hogy elm\u00e9ly\u00edtse kapcsolatait, kikapcsol\u00f3djon \u00e9s felt\u00f6lt\u0151dj\u00f6n a produkt\u00edv munkanap ut\u00e1n.[\/et_pb_text][\/et_pb_column][\/et_pb_row][\/et_pb_section][et_pb_section fb_built=&#8220;1&#8243; _builder_version=&#8220;4.24.2&#8243; _module_preset=&#8220;default&#8220; custom_margin=&#8220;0px||||false|false&#8220; custom_padding=&#8220;0px||2px||false|false&#8220; global_colors_info=&#8220;{}&#8220;][et_pb_row _builder_version=&#8220;4.24.2&#8243; _module_preset=&#8220;default&#8220; global_colors_info=&#8220;{}&#8220;][et_pb_column type=&#8220;4_4&#8243; _builder_version=&#8220;4.24.2&#8243; _module_preset=&#8220;default&#8220; global_colors_info=&#8220;{}&#8220;][et_pb_text _builder_version=&#8220;4.24.2&#8243; _module_preset=&#8220;default&#8220; global_colors_info=&#8220;{}&#8220;]<img loading=\"lazy\" decoding=\"async\" src=\"https:\/\/fenyvesyachtclub.hu\/wp-content\/uploads\/wave-dark.png\" width=\"100\" height=\"10\" alt=\"\" class=\"wp-image-400 alignnone size-full\" style=\"display: block; margin-left: auto; margin-right: auto;\" \/><\/p>\n<p style=\"text-align: center;\">Forduljon konferencia szolg\u00e0ltat\u00e1saink csapat\u00e0hoz, \u00e9s kezdj\u00fck el a k\u00f6vetkez\u0151 konferenci\u00e0ja tervez\u00e9s\u00e9t.<\/p>\n[\/et_pb_text][\/et_pb_column][\/et_pb_row][\/et_pb_section]\n","protected":false},"excerpt":{"rendered":"<p>\u00dcdv\u00f6z\u00f6lj\u00fck a Fenyves Yacht Club Konferencia Szolg\u00e1ltat\u00e1sainak oldal\u00e1n. Mi, a Fenyves Yacht Clubban tudjuk, milyen fontos \u00d6n\u00f6knek, hogy megrendez\u00e9sre v\u00e1r\u00f3 konferenci\u00e1juk hossz\u00fa ideig eml\u00e9kezetes maradjon. Felk\u00e9sz\u00fclt csapatunk a rendelkez\u00e9s\u00fckre \u00e1ll, hogy t\u00falsz\u00e1rnyalja az elv\u00e1r\u00e1saikat. Kiemelked\u0151 felszerelts\u00e9g Sz\u00e1llod\u00e1nk a legmodernebb konferencia eszk\u00f6z\u00f6kkel \u00e9s l\u00e9tes\u00edtm\u00e9nyekkel b\u00fcszk\u00e9lkedhet. Konferenci\u00e1jukra modern technol\u00f3gi\u00e1t biztos\u00edtunk, ezzel t\u00e1mogatva bemutat\u00f3ikat, workshop-jaikat, tal\u00e1lkoz\u00f3ikat. A kis [&hellip;]<\/p>\n","protected":false},"author":1,"featured_media":0,"parent":1314,"menu_order":0,"comment_status":"closed","ping_status":"closed","template":"","meta":{"_et_pb_use_builder":"on","_et_pb_old_content":"","_et_gb_content_width":"","footnotes":""},"class_list":["post-1343","page","type-page","status-publish","hentry"],"_links":{"self":[{"href":"https:\/\/fenyvesyachtclub.hu\/de\/wp-json\/wp\/v2\/pages\/1343","targetHints":{"allow":["GET"]}}],"collection":[{"href":"https:\/\/fenyvesyachtclub.hu\/de\/wp-json\/wp\/v2\/pages"}],"about":[{"href":"https:\/\/fenyvesyachtclub.hu\/de\/wp-json\/wp\/v2\/types\/page"}],"author":[{"embeddable":true,"href":"https:\/\/fenyvesyachtclub.hu\/de\/wp-json\/wp\/v2\/users\/1"}],"replies":[{"embeddable":true,"href":"https:\/\/fenyvesyachtclub.hu\/de\/wp-json\/wp\/v2\/comments?post=1343"}],"version-history":[{"count":3,"href":"https:\/\/fenyvesyachtclub.hu\/de\/wp-json\/wp\/v2\/pages\/1343\/revisions"}],"predecessor-version":[{"id":1720,"href":"https:\/\/fenyvesyachtclub.hu\/de\/wp-json\/wp\/v2\/pages\/1343\/revisions\/1720"}],"up":[{"embeddable":true,"href":"https:\/\/fenyvesyachtclub.hu\/de\/wp-json\/wp\/v2\/pages\/1314"}],"wp:attachment":[{"href":"https:\/\/fenyvesyachtclub.hu\/de\/wp-json\/wp\/v2\/media?parent=1343"}],"curies":[{"name":"wp","href":"https:\/\/api.w.org\/{rel}","templated":true}]}}