{"id":1326,"date":"2024-04-01T13:17:04","date_gmt":"2024-04-01T11:17:04","guid":{"rendered":"https:\/\/newsite.fenyvesyachtclub.hu\/?page_id=1326"},"modified":"2024-05-08T11:52:27","modified_gmt":"2024-05-08T09:52:27","slug":"familienveranstaltungen","status":"publish","type":"page","link":"https:\/\/fenyvesyachtclub.hu\/de\/veranstaltungen\/familienveranstaltungen\/","title":{"rendered":"Familienveranstaltungen"},"content":{"rendered":"[et_pb_section fb_built=&#8220;1&#8243; fullwidth=&#8220;on&#8220; _builder_version=&#8220;4.24.2&#8243; _module_preset=&#8220;default&#8220; global_colors_info=&#8220;{}&#8220;][et_pb_fullwidth_image src=&#8220;https:\/\/fenyvesyachtclub.hu\/wp-content\/uploads\/csaladi-header.jpg&#8220; title_text=&#8220;csaladi-header&#8220; _builder_version=&#8220;4.24.2&#8243; _module_preset=&#8220;default&#8220; global_colors_info=&#8220;{}&#8220;][\/et_pb_fullwidth_image][\/et_pb_section][et_pb_section fb_built=&#8220;1&#8243; admin_label=&#8220;Fenyves yacht club&#8220; module_id=&#8220;a_rolunk&#8220; _builder_version=&#8220;4.24.2&#8243; _module_preset=&#8220;default&#8220; background_image=&#8220;https:\/\/fenyvesyachtclub.hu\/wp-content\/uploads\/epluet-bg.jpg&#8220; custom_padding=&#8220;33px||25px|||&#8220; global_colors_info=&#8220;{}&#8220;][et_pb_row _builder_version=&#8220;4.24.2&#8243; _module_preset=&#8220;default&#8220; global_colors_info=&#8220;{}&#8220;][et_pb_column type=&#8220;4_4&#8243; _builder_version=&#8220;4.24.2&#8243; _module_preset=&#8220;default&#8220; global_colors_info=&#8220;{}&#8220;][et_pb_text _builder_version=&#8220;4.24.3&#8243; _module_preset=&#8220;default&#8220; header_2_line_height=&#8220;1.1em&#8220; max_width=&#8220;1000px&#8220; module_alignment=&#8220;center&#8220; custom_css_free_form=&#8220;selector img { margin-top: 18px;}&#8220; global_colors_info=&#8220;{}&#8220;]\n<h1 style=\"text-align: center;\">Familienveranstaltungen<\/h1>\n<p style=\"text-align: center;\"><img loading=\"lazy\" decoding=\"async\" class=\"wp-image-400 alignnone size-full\" src=\"https:\/\/fenyvesyachtclub.hu\/wp-content\/uploads\/wave-dark.png\" alt=\"\" width=\"100\" height=\"10\" \/><\/p>\n<p style=\"text-align: center;\">Wir \u00fcbernehmen die Organisation von Geburtstagsfeiern f\u00fcr Kinder und Erwachsene, Verlobungen, Babypartys, Klassentreffen, Abschlussfeiern und bieten einen umfassenden Service.<\/p>\n[\/et_pb_text][\/et_pb_column][\/et_pb_row][\/et_pb_section][et_pb_section fb_built=&#8220;1&#8243; custom_padding_last_edited=&#8220;on|tablet&#8220; admin_label=&#8220;Kik\u00f6t\u0151&#8220; module_class=&#8220;sx-left-image-block&#8220; _builder_version=&#8220;4.24.2&#8243; _module_preset=&#8220;default&#8220; background_color=&#8220;RGBA(255,255,255,0)&#8220; background_image=&#8220;https:\/\/fenyvesyachtclub.hu\/wp-content\/uploads\/bar-nagy-2.jpg&#8220; background_size=&#8220;contain&#8220; background_position=&#8220;center_right&#8220; background_horizontal_offset=&#8220;77%&#8220; custom_margin=&#8220;0px||||false|false&#8220; custom_margin_tablet=&#8220;&#8220; custom_margin_phone=&#8220;&#8220; custom_margin_last_edited=&#8220;on|tablet&#8220; custom_padding=&#8220;||||false|false&#8220; custom_padding_tablet=&#8220;10px||10px||true|false&#8220; custom_padding_phone=&#8220;&#8220; background_last_edited=&#8220;on|tablet&#8220; background_enable_image_tablet=&#8220;off&#8220; custom_css_main_element=&#8220; background-position: right 58vw center !important;&#8220; border_color_top=&#8220;#C2A47B&#8220; border_color_bottom=&#8220;#C2A47B&#8220; global_colors_info=&#8220;{}&#8220; custom_css_main_element_last_edited=&#8220;on|desktop&#8220; custom_css_main_element_tablet=&#8220; background-position: right 58vw center !important;&#8220; custom_css_main_element_phone=&#8220; background-position: right 58vw center !important;&#8220;][et_pb_row column_structure=&#8220;1_2,1_2&#8243; _builder_version=&#8220;4.24.2&#8243; _module_preset=&#8220;default&#8220; width=&#8220;100%&#8220; global_colors_info=&#8220;{}&#8220; custom_css_main_element_last_edited=&#8220;on|tablet&#8220; custom_css_main_element_tablet=&#8220; display: flex;|| flex-direction: column-reverse;&#8220; custom_css_main_element_phone=&#8220; display: flex;|| flex-direction: column-reverse;&#8220;][et_pb_column type=&#8220;1_2&#8243; _builder_version=&#8220;4.24.2&#8243; _module_preset=&#8220;default&#8220; custom_padding_tablet=&#8220;||||false|false&#8220; custom_padding_phone=&#8220;&#8220; custom_padding_last_edited=&#8220;on|tablet&#8220; background_last_edited=&#8220;on|tablet&#8220; background_image_tablet=&#8220;https:\/\/fenyvesyachtclub.hu\/wp-content\/uploads\/bar-nagy-2.jpg&#8220; background_enable_image_tablet=&#8220;on&#8220; background_size_tablet=&#8220;contain&#8220; background_position_tablet=&#8220;bottom_left&#8220; global_colors_info=&#8220;{}&#8220; custom_css_main_element_last_edited=&#8220;on|phone&#8220; custom_css_main_element_tablet=&#8220;padding: 50px;||background-size: contain;||background-position: right 20vw center;&#8220; custom_css_main_element_phone=&#8220;padding: 50px 40px;||background-size: cover;||background-position: right 20vw center;&#8220;][et_pb_image src=&#8220;https:\/\/fenyvesyachtclub.hu\/wp-content\/uploads\/bar-kicsi.jpg&#8220; title_text=&#8220;bar-kicsi&#8220; align=&#8220;right&#8220; _builder_version=&#8220;4.24.2&#8243; _module_preset=&#8220;default&#8220; max_width_tablet=&#8220;&#8220; max_width_phone=&#8220;180px&#8220; max_width_last_edited=&#8220;on|phone&#8220; height_last_edited=&#8220;off|phone&#8220; border_width_all=&#8220;16px&#8220; border_color_all=&#8220;#FFFFFF&#8220; global_colors_info=&#8220;{}&#8220;][\/et_pb_image][\/et_pb_column][et_pb_column type=&#8220;1_2&#8243; _builder_version=&#8220;4.24.2&#8243; _module_preset=&#8220;default&#8220; custom_padding=&#8220;|||||true&#8220; custom_padding_tablet=&#8220;|10%||10%|false|true&#8220; custom_padding_phone=&#8220;&#8220; custom_padding_last_edited=&#8220;on|tablet&#8220; background_last_edited=&#8220;on|tablet&#8220; background_enable_image_phone=&#8220;off&#8220; global_colors_info=&#8220;{}&#8220;][et_pb_text _builder_version=&#8220;4.24.2&#8243; _module_preset=&#8220;default&#8220; header_2_font_size=&#8220;50px&#8220; header_2_line_height=&#8220;1.1em&#8220; header_6_font=&#8220;Montserrat|||on|||||&#8220; header_6_text_color=&#8220;#081F40&#8243; header_6_font_size=&#8220;18px&#8220; custom_margin=&#8220;100px||||false|false&#8220; custom_css_free_form=&#8220;selector h6 { margin: 6px 0px;}||selector h2 { margin-bottom: 12px;}||selector img { margin-bottom: 12px;}&#8220; global_colors_info=&#8220;{}&#8220;]\n<p><img loading=\"lazy\" decoding=\"async\" class=\"wp-image-400 alignnone size-full\" src=\"https:\/\/fenyvesyachtclub.hu\/wp-content\/uploads\/wave-dark.png\" alt=\"\" width=\"100\" height=\"10\" \/><\/p>\n<h2>Dekort\u00f3l a cateringig<\/h2>\n<p>Wir k\u00fcmmern uns um die individuelle Dekoration, das Catering und die Organisation der gew\u00fcnschten Begleitprogramme. Die Veranstaltungen k\u00f6nnen in unserem Veranstaltungsraum, auf unserer Terrasse, in unserem Garten oder sogar auf dem Steg stattfinden. Auf Wunsch bieten wir H\u00fcpfburgen, Spielecken, Cocktailshows, Weinproben, Karaoke und vieles mehr an; der Fantasie sind bei den Programmen und dem Design keine Grenzen gesetzt.<\/p>\n[\/et_pb_text][\/et_pb_column][\/et_pb_row][\/et_pb_section]\n","protected":false},"excerpt":{"rendered":"<p>Familienveranstaltungen Wir \u00fcbernehmen die Organisation von Geburtstagsfeiern f\u00fcr Kinder und Erwachsene, Verlobungen, Babypartys, Klassentreffen, Abschlussfeiern und bieten einen umfassenden Service. Dekort\u00f3l a cateringig Wir k\u00fcmmern uns um die individuelle Dekoration, das Catering und die Organisation der gew\u00fcnschten Begleitprogramme. Die Veranstaltungen k\u00f6nnen in unserem Veranstaltungsraum, auf unserer Terrasse, in unserem Garten oder sogar auf dem Steg [&hellip;]<\/p>\n","protected":false},"author":1,"featured_media":0,"parent":1274,"menu_order":0,"comment_status":"closed","ping_status":"closed","template":"","meta":{"_et_pb_use_builder":"on","_et_pb_old_content":"","_et_gb_content_width":"","footnotes":""},"class_list":["post-1326","page","type-page","status-publish","hentry"],"_links":{"self":[{"href":"https:\/\/fenyvesyachtclub.hu\/de\/wp-json\/wp\/v2\/pages\/1326","targetHints":{"allow":["GET"]}}],"collection":[{"href":"https:\/\/fenyvesyachtclub.hu\/de\/wp-json\/wp\/v2\/pages"}],"about":[{"href":"https:\/\/fenyvesyachtclub.hu\/de\/wp-json\/wp\/v2\/types\/page"}],"author":[{"embeddable":true,"href":"https:\/\/fenyvesyachtclub.hu\/de\/wp-json\/wp\/v2\/users\/1"}],"replies":[{"embeddable":true,"href":"https:\/\/fenyvesyachtclub.hu\/de\/wp-json\/wp\/v2\/comments?post=1326"}],"version-history":[{"count":7,"href":"https:\/\/fenyvesyachtclub.hu\/de\/wp-json\/wp\/v2\/pages\/1326\/revisions"}],"predecessor-version":[{"id":1718,"href":"https:\/\/fenyvesyachtclub.hu\/de\/wp-json\/wp\/v2\/pages\/1326\/revisions\/1718"}],"up":[{"embeddable":true,"href":"https:\/\/fenyvesyachtclub.hu\/de\/wp-json\/wp\/v2\/pages\/1274"}],"wp:attachment":[{"href":"https:\/\/fenyvesyachtclub.hu\/de\/wp-json\/wp\/v2\/media?parent=1326"}],"curies":[{"name":"wp","href":"https:\/\/api.w.org\/{rel}","templated":true}]}}