{"id":1314,"date":"2024-04-01T13:15:03","date_gmt":"2024-04-01T11:15:03","guid":{"rendered":"https:\/\/newsite.fenyvesyachtclub.hu\/?page_id=1314"},"modified":"2024-05-08T11:53:15","modified_gmt":"2024-05-08T09:53:15","slug":"firmenveranstaltungen","status":"publish","type":"page","link":"https:\/\/fenyvesyachtclub.hu\/de\/veranstaltungen\/firmenveranstaltungen\/","title":{"rendered":"Firmenveranstaltungen"},"content":{"rendered":"[et_pb_section fb_built=&#8220;1&#8243; fullwidth=&#8220;on&#8220; _builder_version=&#8220;4.24.2&#8243; _module_preset=&#8220;default&#8220; global_colors_info=&#8220;{}&#8220;][et_pb_fullwidth_image src=&#8220;https:\/\/fenyvesyachtclub.hu\/wp-content\/uploads\/vallalati-rendezvenyek-header.jpg&#8220; title_text=&#8220;vallalati-rendezvenyek-header&#8220; _builder_version=&#8220;4.24.2&#8243; _module_preset=&#8220;default&#8220; global_colors_info=&#8220;{}&#8220;][\/et_pb_fullwidth_image][\/et_pb_section][et_pb_section fb_built=&#8220;1&#8243; admin_label=&#8220;Fenyves yacht club&#8220; module_id=&#8220;a_rolunk&#8220; _builder_version=&#8220;4.24.2&#8243; _module_preset=&#8220;default&#8220; background_image=&#8220;https:\/\/fenyvesyachtclub.hu\/wp-content\/uploads\/epluet-bg.jpg&#8220; custom_padding=&#8220;33px||25px|||&#8220; global_colors_info=&#8220;{}&#8220;][et_pb_row _builder_version=&#8220;4.24.2&#8243; _module_preset=&#8220;default&#8220; global_colors_info=&#8220;{}&#8220;][et_pb_column type=&#8220;4_4&#8243; _builder_version=&#8220;4.24.2&#8243; _module_preset=&#8220;default&#8220; global_colors_info=&#8220;{}&#8220;][et_pb_text _builder_version=&#8220;4.24.2&#8243; _module_preset=&#8220;default&#8220; header_2_line_height=&#8220;1.1em&#8220; custom_css_free_form=&#8220;selector img { margin-top: 18px;}&#8220; global_colors_info=&#8220;{}&#8220;]\n<h1 style=\"text-align: center;\">Firmenveranstaltungen<\/h1>\n<p style=\"text-align: center;\"><img loading=\"lazy\" decoding=\"async\" class=\"wp-image-400 alignnone size-full\" src=\"https:\/\/fenyvesyachtclub.hu\/wp-content\/uploads\/wave-dark.png\" alt=\"\" width=\"100\" height=\"10\" \/><\/p>\n<p style=\"text-align: center;\">Der Fenyves Yacht Club ist der ideale Ort f\u00fcr Konferenzen mit bis zu 200 Personen, <br \/>gro\u00dfe und kleine Firmen-Teambuildings, Incentive-Reisen und Trainings.<\/p>\n[\/et_pb_text][\/et_pb_column][\/et_pb_row][\/et_pb_section][et_pb_section fb_built=&#8220;1&#8243; custom_padding_last_edited=&#8220;on|tablet&#8220; admin_label=&#8220;Kik\u00f6t\u0151&#8220; module_class=&#8220;sx-left-image-block&#8220; _builder_version=&#8220;4.24.2&#8243; _module_preset=&#8220;default&#8220; background_color=&#8220;RGBA(255,255,255,0)&#8220; background_image=&#8220;https:\/\/fenyvesyachtclub.hu\/wp-content\/uploads\/eskuvo-nagy.jpg&#8220; background_size=&#8220;contain&#8220; background_position=&#8220;center_right&#8220; background_horizontal_offset=&#8220;77%&#8220; custom_margin=&#8220;0px||||false|false&#8220; custom_margin_tablet=&#8220;&#8220; custom_margin_phone=&#8220;&#8220; custom_margin_last_edited=&#8220;on|tablet&#8220; custom_padding=&#8220;||||false|false&#8220; custom_padding_tablet=&#8220;10px||10px||true|false&#8220; custom_padding_phone=&#8220;&#8220; background_last_edited=&#8220;on|tablet&#8220; background_enable_image_tablet=&#8220;off&#8220; custom_css_main_element=&#8220; background-position: right 58vw center !important;&#8220; border_color_top=&#8220;#C2A47B&#8220; border_color_bottom=&#8220;#C2A47B&#8220; global_colors_info=&#8220;{}&#8220; custom_css_main_element_last_edited=&#8220;on|desktop&#8220; custom_css_main_element_tablet=&#8220; background-position: right 58vw center !important;&#8220; custom_css_main_element_phone=&#8220; background-position: right 58vw center !important;&#8220;][et_pb_row column_structure=&#8220;1_2,1_2&#8243; _builder_version=&#8220;4.24.2&#8243; _module_preset=&#8220;default&#8220; width=&#8220;100%&#8220; global_colors_info=&#8220;{}&#8220; custom_css_main_element_last_edited=&#8220;on|tablet&#8220; custom_css_main_element_tablet=&#8220; display: flex;|| flex-direction: column-reverse;&#8220; custom_css_main_element_phone=&#8220; display: flex;|| flex-direction: column-reverse;&#8220;][et_pb_column type=&#8220;1_2&#8243; _builder_version=&#8220;4.24.2&#8243; _module_preset=&#8220;default&#8220; custom_padding_tablet=&#8220;||||false|false&#8220; custom_padding_phone=&#8220;&#8220; custom_padding_last_edited=&#8220;on|tablet&#8220; background_last_edited=&#8220;on|tablet&#8220; background_image_tablet=&#8220;https:\/\/fenyvesyachtclub.hu\/wp-content\/uploads\/eskuvo-nagy.jpg&#8220; background_enable_image_tablet=&#8220;on&#8220; background_size_tablet=&#8220;contain&#8220; background_position_tablet=&#8220;bottom_left&#8220; global_colors_info=&#8220;{}&#8220; custom_css_main_element_last_edited=&#8220;on|phone&#8220; custom_css_main_element_tablet=&#8220;padding: 50px;||background-size: contain;||background-position: right 20vw center;&#8220; custom_css_main_element_phone=&#8220;padding: 50px 40px;||background-size: cover;||background-position: right 20vw center;&#8220;][et_pb_image src=&#8220;https:\/\/fenyvesyachtclub.hu\/wp-content\/uploads\/eskuvo-kicsi.jpg&#8220; title_text=&#8220;eskuvo-kicsi&#8220; align=&#8220;right&#8220; _builder_version=&#8220;4.24.2&#8243; _module_preset=&#8220;default&#8220; max_width_tablet=&#8220;&#8220; max_width_phone=&#8220;180px&#8220; max_width_last_edited=&#8220;on|phone&#8220; height_last_edited=&#8220;off|phone&#8220; border_width_all=&#8220;16px&#8220; border_color_all=&#8220;#FFFFFF&#8220; global_colors_info=&#8220;{}&#8220;][\/et_pb_image][\/et_pb_column][et_pb_column type=&#8220;1_2&#8243; _builder_version=&#8220;4.24.2&#8243; _module_preset=&#8220;default&#8220; custom_padding=&#8220;|||||true&#8220; custom_padding_tablet=&#8220;|10%||10%|false|true&#8220; custom_padding_phone=&#8220;&#8220; custom_padding_last_edited=&#8220;on|tablet&#8220; background_last_edited=&#8220;on|tablet&#8220; background_enable_image_phone=&#8220;off&#8220; global_colors_info=&#8220;{}&#8220;][et_pb_text _builder_version=&#8220;4.24.2&#8243; _module_preset=&#8220;default&#8220; header_2_font_size=&#8220;50px&#8220; header_2_line_height=&#8220;1.1em&#8220; header_6_font=&#8220;Montserrat|||on|||||&#8220; header_6_text_color=&#8220;#081F40&#8243; header_6_font_size=&#8220;18px&#8220; custom_margin=&#8220;100px||||false|false&#8220; custom_css_free_form=&#8220;selector h6 { margin: 6px 0px;}||selector h2 { margin-bottom: 12px;}||selector img { margin-bottom: 12px;}&#8220; global_colors_info=&#8220;{}&#8220;]\n<p><img loading=\"lazy\" decoding=\"async\" class=\"wp-image-400 alignnone size-full\" src=\"https:\/\/fenyvesyachtclub.hu\/wp-content\/uploads\/wave-dark.png\" alt=\"\" width=\"100\" height=\"10\" \/><\/p>\n<h2>Nagy \u00e9s kis l\u00e9tsz\u00e1m\u00fa v\u00e1llalati rendezv\u00e9nyek<\/h2>\n<h6>200 f\u0151s rendezv\u00e9nyterem<\/h6>\n<p>In unserem Veranstaltungsraum, der Platz f\u00fcr 200 Personen bietet und \u00fcber einen abtrennbaren kleineren Besprechungsraum verf\u00fcgt, stehen ein Projektor, eine Soundanlage und ein LED-TV zur Verf\u00fcgung. Hier k\u00f6nnen auch gr\u00f6\u00dfere Mahlzeiten und Unterhaltungsm\u00f6glichkeiten f\u00fcr gro\u00dfe Gruppen angeboten werden. In unserem riesigen Garten organisieren wir Sport-, Lifestyle- und Gastronomieprogramme, die auf die Bed\u00fcrfnisse der Kunden zugeschnitten sind. Jede Veranstaltung kann um Segeln, Motorbootfahren, Bootstouren, SUP-Touren, Fahrradtouren, Weinproben, Kochen im Freien und musikalische Veranstaltungen erg\u00e4nzt werden.<\/p>\n[\/et_pb_text][\/et_pb_column][\/et_pb_row][\/et_pb_section][et_pb_section fb_built=&#8220;1&#8243; admin_label=&#8220;S\u00e1rga gombok&#8220; module_id=&#8220;a_etlap&#8220; _builder_version=&#8220;4.25.0&#8243; _module_preset=&#8220;default&#8220; background_color=&#8220;#FFFFFF&#8220; background_enable_image=&#8220;off&#8220; custom_margin=&#8220;||10px||false|false&#8220; custom_padding=&#8220;50px||0px||false|false&#8220; hover_enabled=&#8220;0&#8243; border_color_bottom=&#8220;#C2A47B&#8220; global_colors_info=&#8220;{}&#8220; sticky_enabled=&#8220;0&#8243;][et_pb_row _builder_version=&#8220;4.24.2&#8243; _module_preset=&#8220;default&#8220; custom_margin=&#8220;|auto|-5px|auto||&#8220; custom_padding=&#8220;||0px|||&#8220; global_colors_info=&#8220;{}&#8220;][et_pb_column type=&#8220;4_4&#8243; _builder_version=&#8220;4.24.2&#8243; _module_preset=&#8220;default&#8220; custom_css_main_element=&#8220;display: flex;||justify-content: center;&#8220; global_colors_info=&#8220;{}&#8220;][et_pb_text _builder_version=&#8220;4.24.2&#8243; _module_preset=&#8220;default&#8220; header_2_line_height=&#8220;1.1em&#8220; custom_css_free_form=&#8220;selector img { margin-top: 18px;}&#8220; global_colors_info=&#8220;{}&#8220;]\n<h1 style=\"text-align: center;\">Rendezv\u00e9nyhelysz\u00edn szolg\u00e1ltat\u00e1saink<\/h1>\n<p style=\"text-align: center;\"><img loading=\"lazy\" decoding=\"async\" class=\"wp-image-403 alignnone size-full\" src=\"https:\/\/fenyvesyachtclub.hu\/wp-content\/uploads\/wave-gold.png\" alt=\"\" width=\"100\" height=\"10\" \/><\/p>\n[\/et_pb_text][\/et_pb_column][\/et_pb_row][et_pb_row admin_label=&#8220;Rendezv\u00e9ny helysz\u00ednek&#8220; _builder_version=&#8220;4.24.2&#8243; _module_preset=&#8220;default&#8220; global_colors_info=&#8220;{}&#8220; custom_padding=&#8220;||0px|||&#8220;][et_pb_column type=&#8220;4_4&#8243; _builder_version=&#8220;4.24.2&#8243; _module_preset=&#8220;default&#8220; custom_css_main_element=&#8220; display: flex;|| flex-wrap: wrap;|| justify-content: center;|| column-gap: 30px;|| row-gap: 0px;&#8220; global_colors_info=&#8220;{}&#8220;][et_pb_button button_url=&#8220;@ET-DC@eyJkeW5hbWljIjp0cnVlLCJjb250ZW50IjoicG9zdF9saW5rX3VybF9wYWdlIiwic2V0dGluZ3MiOnsicG9zdF9pZCI6IjYwNCJ9fQ==@&#8220; button_text=&#8220;Konferenzen&#8220; button_alignment=&#8220;center&#8220; module_class=&#8220;gomb-event-place&#8220; _builder_version=&#8220;4.24.3&#8243; _dynamic_attributes=&#8220;button_url&#8220; _module_preset=&#8220;default&#8220; custom_button=&#8220;on&#8220; button_text_size=&#8220;32px&#8220; button_text_color=&#8220;#FFFFFF&#8220; button_bg_image=&#8220;https:\/\/fenyvesyachtclub.hu\/wp-content\/uploads\/gomb-rendezvenyhelyszin.jpg&#8220; button_letter_spacing=&#8220;1px&#8220; button_font=&#8220;DM Serif Display||||||||&#8220; button_use_icon=&#8220;off&#8220; custom_css_main_element=&#8220; width: 375px;|| max-width: 100%;|| height: 200px;|| vertical-align: middle; || display: table-cell !important;&#8220; global_colors_info=&#8220;{}&#8220; button_bg_color__hover_enabled=&#8220;on|hover&#8220; button_bg_image__hover=&#8220;https:\/\/fenyvesyachtclub.hu\/wp-content\/uploads\/gomb-over-rendezvenyhelyszin.jpg&#8220; button_bg_enable_image__hover=&#8220;on&#8220; custom_css_main_element__hover_enabled=&#8220;off|desktop&#8220; custom_css_main_element_last_edited=&#8220;on|desktop&#8220; custom_css_main_element_tablet=&#8220; width: 375px;|| max-width: 100%;|| height: 200px;|| vertical-align: middle; || display: table-cell !important;&#8220; custom_css_main_element_phone=&#8220; width: 375px;|| max-width: 100%;|| height: 200px;|| vertical-align: middle; || display: table-cell !important;&#8220;][\/et_pb_button][et_pb_button button_url=&#8220;@ET-DC@eyJkeW5hbWljIjp0cnVlLCJjb250ZW50IjoicG9zdF9saW5rX3VybF9wYWdlIiwic2V0dGluZ3MiOnsicG9zdF9pZCI6IjYxMCJ9fQ==@&#8220; button_text=&#8220;Teambuilding-Aktivit\u00e4ten&#8220; button_alignment=&#8220;center&#8220; module_class=&#8220;gomb-event-place&#8220; _builder_version=&#8220;4.24.3&#8243; _dynamic_attributes=&#8220;button_url&#8220; _module_preset=&#8220;default&#8220; custom_button=&#8220;on&#8220; button_text_size=&#8220;32px&#8220; button_text_color=&#8220;#FFFFFF&#8220; button_bg_image=&#8220;https:\/\/fenyvesyachtclub.hu\/wp-content\/uploads\/gomb-rendezvenyhelyszin.jpg&#8220; button_letter_spacing=&#8220;1px&#8220; button_font=&#8220;DM Serif Display||||||||&#8220; button_use_icon=&#8220;off&#8220; custom_css_main_element=&#8220; width: 375px;|| max-width: 100%;|| height: 200px;|| vertical-align: middle; || display: table-cell !important;&#8220; global_colors_info=&#8220;{}&#8220; button_bg_color__hover_enabled=&#8220;on|hover&#8220; button_bg_image__hover=&#8220;https:\/\/fenyvesyachtclub.hu\/wp-content\/uploads\/gomb-over-rendezvenyhelyszin.jpg&#8220; button_bg_enable_image__hover=&#8220;on&#8220;][\/et_pb_button][et_pb_button button_url=&#8220;@ET-DC@eyJkeW5hbWljIjp0cnVlLCJjb250ZW50IjoicG9zdF9saW5rX3VybF9wYWdlIiwic2V0dGluZ3MiOnsicG9zdF9pZCI6IjYwOSJ9fQ==@&#8220; button_text=&#8220;Schulungen, Seminare und Workshops\u2028&#8220; button_alignment=&#8220;center&#8220; module_class=&#8220;gomb-event-place&#8220; _builder_version=&#8220;4.24.3&#8243; _dynamic_attributes=&#8220;button_url&#8220; _module_preset=&#8220;default&#8220; custom_button=&#8220;on&#8220; button_text_size=&#8220;32px&#8220; button_text_color=&#8220;#FFFFFF&#8220; button_bg_image=&#8220;https:\/\/fenyvesyachtclub.hu\/wp-content\/uploads\/gomb-rendezvenyhelyszin.jpg&#8220; button_letter_spacing=&#8220;1px&#8220; button_font=&#8220;DM Serif Display||||||||&#8220; button_use_icon=&#8220;off&#8220; custom_css_main_element=&#8220; width: 375px;|| max-width: 100%;|| height: 200px;|| vertical-align: middle; || display: table-cell !important;&#8220; global_colors_info=&#8220;{}&#8220; button_bg_color__hover_enabled=&#8220;on|hover&#8220; button_bg_image__hover=&#8220;https:\/\/fenyvesyachtclub.hu\/wp-content\/uploads\/gomb-over-rendezvenyhelyszin.jpg&#8220; button_bg_enable_image__hover=&#8220;on&#8220;][\/et_pb_button][et_pb_button button_url=&#8220;@ET-DC@eyJkeW5hbWljIjp0cnVlLCJjb250ZW50IjoicG9zdF9saW5rX3VybF9wYWdlIiwic2V0dGluZ3MiOnsicG9zdF9pZCI6IjYwOCJ9fQ==@&#8220; button_text=&#8220;Produkt-pr\u00e4sentations-veranstaltungen&#8220; button_alignment=&#8220;center&#8220; module_class=&#8220;gomb-event-place&#8220; _builder_version=&#8220;4.24.3&#8243; _dynamic_attributes=&#8220;button_url&#8220; _module_preset=&#8220;default&#8220; custom_button=&#8220;on&#8220; button_text_size=&#8220;32px&#8220; button_text_color=&#8220;#FFFFFF&#8220; button_bg_image=&#8220;https:\/\/fenyvesyachtclub.hu\/wp-content\/uploads\/gomb-rendezvenyhelyszin.jpg&#8220; button_letter_spacing=&#8220;1px&#8220; button_font=&#8220;DM Serif Display||||||||&#8220; button_use_icon=&#8220;off&#8220; custom_css_main_element=&#8220; width: 375px;|| max-width: 100%;|| height: 200px;|| vertical-align: middle; || display: table-cell !important;&#8220; global_colors_info=&#8220;{}&#8220; button_bg_color__hover_enabled=&#8220;on|hover&#8220; button_bg_image__hover=&#8220;https:\/\/fenyvesyachtclub.hu\/wp-content\/uploads\/gomb-over-rendezvenyhelyszin.jpg&#8220; button_bg_enable_image__hover=&#8220;on&#8220;][\/et_pb_button][et_pb_button button_url=&#8220;@ET-DC@eyJkeW5hbWljIjp0cnVlLCJjb250ZW50IjoicG9zdF9saW5rX3VybF9wYWdlIiwic2V0dGluZ3MiOnsicG9zdF9pZCI6IjYwNyJ9fQ==@&#8220; button_text=&#8220;Firmenmittagessen, Abendessen, Feierlichkeiten&#8220; button_alignment=&#8220;center&#8220; module_class=&#8220;gomb-event-place&#8220; _builder_version=&#8220;4.24.3&#8243; _dynamic_attributes=&#8220;button_url&#8220; _module_preset=&#8220;default&#8220; custom_button=&#8220;on&#8220; button_text_size=&#8220;32px&#8220; button_text_color=&#8220;#FFFFFF&#8220; button_bg_image=&#8220;https:\/\/fenyvesyachtclub.hu\/wp-content\/uploads\/gomb-rendezvenyhelyszin.jpg&#8220; button_letter_spacing=&#8220;1px&#8220; button_font=&#8220;DM Serif Display||||||||&#8220; button_use_icon=&#8220;off&#8220; custom_css_main_element=&#8220; width: 375px;|| max-width: 100%;|| height: 200px;|| vertical-align: middle; || display: table-cell !important;&#8220; global_colors_info=&#8220;{}&#8220; button_bg_color__hover_enabled=&#8220;on|hover&#8220; button_bg_image__hover=&#8220;https:\/\/fenyvesyachtclub.hu\/wp-content\/uploads\/gomb-over-rendezvenyhelyszin.jpg&#8220; button_bg_enable_image__hover=&#8220;on&#8220;][\/et_pb_button][et_pb_button button_url=&#8220;@ET-DC@eyJkeW5hbWljIjp0cnVlLCJjb250ZW50IjoicG9zdF9saW5rX3VybF9wYWdlIiwic2V0dGluZ3MiOnsicG9zdF9pZCI6IjYwNiJ9fQ==@&#8220; button_text=&#8220;Anreizreisen, Veranstaltungen&#8220; button_alignment=&#8220;center&#8220; module_class=&#8220;gomb-event-place&#8220; _builder_version=&#8220;4.24.3&#8243; _dynamic_attributes=&#8220;button_url&#8220; _module_preset=&#8220;default&#8220; custom_button=&#8220;on&#8220; button_text_size=&#8220;32px&#8220; button_text_color=&#8220;#FFFFFF&#8220; button_bg_image=&#8220;https:\/\/fenyvesyachtclub.hu\/wp-content\/uploads\/gomb-rendezvenyhelyszin.jpg&#8220; button_letter_spacing=&#8220;1px&#8220; button_font=&#8220;DM Serif Display||||||||&#8220; button_use_icon=&#8220;off&#8220; custom_css_main_element=&#8220; width: 375px;|| max-width: 100%;|| height: 200px;|| vertical-align: middle; || display: table-cell !important;&#8220; global_colors_info=&#8220;{}&#8220; button_bg_color__hover_enabled=&#8220;on|hover&#8220; button_bg_image__hover=&#8220;https:\/\/fenyvesyachtclub.hu\/wp-content\/uploads\/gomb-over-rendezvenyhelyszin.jpg&#8220; button_bg_enable_image__hover=&#8220;on&#8220;][\/et_pb_button][\/et_pb_column][\/et_pb_row][\/et_pb_section]\n","protected":false},"excerpt":{"rendered":"<p>Firmenveranstaltungen Der Fenyves Yacht Club ist der ideale Ort f\u00fcr Konferenzen mit bis zu 200 Personen, gro\u00dfe und kleine Firmen-Teambuildings, Incentive-Reisen und Trainings. Nagy \u00e9s kis l\u00e9tsz\u00e1m\u00fa v\u00e1llalati rendezv\u00e9nyek 200 f\u0151s rendezv\u00e9nyterem In unserem Veranstaltungsraum, der Platz f\u00fcr 200 Personen bietet und \u00fcber einen abtrennbaren kleineren Besprechungsraum verf\u00fcgt, stehen ein Projektor, eine Soundanlage und ein [&hellip;]<\/p>\n","protected":false},"author":1,"featured_media":0,"parent":1274,"menu_order":0,"comment_status":"closed","ping_status":"closed","template":"","meta":{"_et_pb_use_builder":"on","_et_pb_old_content":"","_et_gb_content_width":"","footnotes":""},"class_list":["post-1314","page","type-page","status-publish","hentry"],"_links":{"self":[{"href":"https:\/\/fenyvesyachtclub.hu\/de\/wp-json\/wp\/v2\/pages\/1314","targetHints":{"allow":["GET"]}}],"collection":[{"href":"https:\/\/fenyvesyachtclub.hu\/de\/wp-json\/wp\/v2\/pages"}],"about":[{"href":"https:\/\/fenyvesyachtclub.hu\/de\/wp-json\/wp\/v2\/types\/page"}],"author":[{"embeddable":true,"href":"https:\/\/fenyvesyachtclub.hu\/de\/wp-json\/wp\/v2\/users\/1"}],"replies":[{"embeddable":true,"href":"https:\/\/fenyvesyachtclub.hu\/de\/wp-json\/wp\/v2\/comments?post=1314"}],"version-history":[{"count":4,"href":"https:\/\/fenyvesyachtclub.hu\/de\/wp-json\/wp\/v2\/pages\/1314\/revisions"}],"predecessor-version":[{"id":1719,"href":"https:\/\/fenyvesyachtclub.hu\/de\/wp-json\/wp\/v2\/pages\/1314\/revisions\/1719"}],"up":[{"embeddable":true,"href":"https:\/\/fenyvesyachtclub.hu\/de\/wp-json\/wp\/v2\/pages\/1274"}],"wp:attachment":[{"href":"https:\/\/fenyvesyachtclub.hu\/de\/wp-json\/wp\/v2\/media?parent=1314"}],"curies":[{"name":"wp","href":"https:\/\/api.w.org\/{rel}","templated":true}]}}