{"id":1269,"date":"2024-03-28T18:42:53","date_gmt":"2024-03-28T17:42:53","guid":{"rendered":"https:\/\/newsite.fenyvesyachtclub.hu\/?page_id=1269"},"modified":"2024-05-08T12:53:03","modified_gmt":"2024-05-08T10:53:03","slug":"solya-bar","status":"publish","type":"page","link":"https:\/\/fenyvesyachtclub.hu\/de\/solya-bar\/","title":{"rendered":"S\u00f3lya bar"},"content":{"rendered":"[et_pb_section fb_built=&#8220;1&#8243; fullwidth=&#8220;on&#8220; _builder_version=&#8220;4.24.2&#8243; _module_preset=&#8220;default&#8220; global_colors_info=&#8220;{}&#8220;][et_pb_fullwidth_image src=&#8220;https:\/\/fenyvesyachtclub.hu\/wp-content\/uploads\/bar-header.jpg&#8220; title_text=&#8220;bar-header&#8220; _builder_version=&#8220;4.24.2&#8243; _module_preset=&#8220;default&#8220; global_colors_info=&#8220;{}&#8220;][\/et_pb_fullwidth_image][\/et_pb_section][et_pb_section fb_built=&#8220;1&#8243; admin_label=&#8220;Fenyves yacht club&#8220; module_id=&#8220;sb_rolunk&#8220; _builder_version=&#8220;4.24.3&#8243; _module_preset=&#8220;default&#8220; background_image=&#8220;https:\/\/fenyvesyachtclub.hu\/wp-content\/uploads\/epluet-bg.jpg&#8220; custom_padding=&#8220;33px||25px|||&#8220; global_colors_info=&#8220;{}&#8220;][et_pb_row _builder_version=&#8220;4.24.2&#8243; _module_preset=&#8220;default&#8220; global_colors_info=&#8220;{}&#8220;][et_pb_column type=&#8220;4_4&#8243; _builder_version=&#8220;4.24.2&#8243; _module_preset=&#8220;default&#8220; global_colors_info=&#8220;{}&#8220;][et_pb_text _builder_version=&#8220;4.24.2&#8243; _module_preset=&#8220;default&#8220; header_2_line_height=&#8220;1.1em&#8220; custom_css_free_form=&#8220;selector img { margin-top: 18px;}&#8220; global_colors_info=&#8220;{}&#8220;]\n<h1 style=\"text-align: center;\">S\u00f3lya Bar<\/h1>\n<p style=\"text-align: center;\"><img loading=\"lazy\" decoding=\"async\" class=\"wp-image-400 alignnone size-full\" src=\"https:\/\/fenyvesyachtclub.hu\/wp-content\/uploads\/wave-dark.png\" alt=\"\" width=\"100\" height=\"10\" \/><\/p>\n<p style=\"text-align: center;\">Die S\u00f3lya Bar ist im Sommer das Zentrum des gesellschaftlichen Lebens. Mit einem breiten Getr\u00e4nkeangebot, <br \/>speziellen Kaffeespezialit\u00e4ten und schnell zubereiteten, street-food-artigen Gerichten begr\u00fc\u00dft sie ihre G\u00e4ste. <br \/>Von der Terrasse im Obergeschoss der Bar bietet sich ein herrlicher Panoramablick auf den Balaton.<\/p>\n[\/et_pb_text][\/et_pb_column][\/et_pb_row][\/et_pb_section][et_pb_section fb_built=&#8220;1&#8243; custom_padding_last_edited=&#8220;on|tablet&#8220; admin_label=&#8220;Kik\u00f6t\u0151&#8220; module_class=&#8220;sx-left-image-block&#8220; _builder_version=&#8220;4.24.2&#8243; _module_preset=&#8220;default&#8220; background_color=&#8220;RGBA(255,255,255,0)&#8220; background_image=&#8220;https:\/\/fenyvesyachtclub.hu\/wp-content\/uploads\/bar-nagy-2.jpg&#8220; background_size=&#8220;contain&#8220; background_position=&#8220;center_right&#8220; background_horizontal_offset=&#8220;77%&#8220; custom_margin=&#8220;0px||||false|false&#8220; custom_margin_tablet=&#8220;&#8220; custom_margin_phone=&#8220;&#8220; custom_margin_last_edited=&#8220;on|tablet&#8220; custom_padding=&#8220;||||false|false&#8220; custom_padding_tablet=&#8220;10px||10px||true|false&#8220; custom_padding_phone=&#8220;&#8220; background_last_edited=&#8220;on|tablet&#8220; background_enable_image_tablet=&#8220;off&#8220; custom_css_main_element=&#8220; background-position: right 58vw center !important;&#8220; border_color_top=&#8220;#C2A47B&#8220; border_color_bottom=&#8220;#C2A47B&#8220; global_colors_info=&#8220;{}&#8220; custom_css_main_element_last_edited=&#8220;on|desktop&#8220; custom_css_main_element_tablet=&#8220; background-position: right 58vw center !important;&#8220; custom_css_main_element_phone=&#8220; background-position: right 58vw center !important;&#8220;][et_pb_row column_structure=&#8220;1_2,1_2&#8243; _builder_version=&#8220;4.24.2&#8243; _module_preset=&#8220;default&#8220; width=&#8220;100%&#8220; global_colors_info=&#8220;{}&#8220; custom_css_main_element_last_edited=&#8220;on|tablet&#8220; custom_css_main_element_tablet=&#8220; display: flex;|| flex-direction: column-reverse;&#8220; custom_css_main_element_phone=&#8220; display: flex;|| flex-direction: column-reverse;&#8220;][et_pb_column type=&#8220;1_2&#8243; _builder_version=&#8220;4.24.2&#8243; _module_preset=&#8220;default&#8220; custom_padding_tablet=&#8220;||||false|false&#8220; custom_padding_phone=&#8220;&#8220; custom_padding_last_edited=&#8220;on|tablet&#8220; background_last_edited=&#8220;on|tablet&#8220; background_image_tablet=&#8220;https:\/\/fenyvesyachtclub.hu\/wp-content\/uploads\/bar-nagy-2.jpg&#8220; background_enable_image_tablet=&#8220;on&#8220; background_size_tablet=&#8220;contain&#8220; background_position_tablet=&#8220;bottom_left&#8220; global_colors_info=&#8220;{}&#8220; custom_css_main_element_last_edited=&#8220;on|phone&#8220; custom_css_main_element_tablet=&#8220;padding: 50px;||background-size: contain;||background-position: right 20vw center;&#8220; custom_css_main_element_phone=&#8220;padding: 50px 40px;||background-size: cover;||background-position: right 20vw center;&#8220;][et_pb_image src=&#8220;https:\/\/fenyvesyachtclub.hu\/wp-content\/uploads\/bar-kicsi.jpg&#8220; title_text=&#8220;bar-kicsi&#8220; align=&#8220;right&#8220; _builder_version=&#8220;4.24.2&#8243; _module_preset=&#8220;default&#8220; max_width_tablet=&#8220;&#8220; max_width_phone=&#8220;180px&#8220; max_width_last_edited=&#8220;on|phone&#8220; height_last_edited=&#8220;off|phone&#8220; border_width_all=&#8220;16px&#8220; border_color_all=&#8220;#FFFFFF&#8220; global_colors_info=&#8220;{}&#8220;][\/et_pb_image][\/et_pb_column][et_pb_column type=&#8220;1_2&#8243; _builder_version=&#8220;4.24.2&#8243; _module_preset=&#8220;default&#8220; custom_padding=&#8220;|||||true&#8220; custom_padding_tablet=&#8220;|10%||10%|false|true&#8220; custom_padding_phone=&#8220;&#8220; custom_padding_last_edited=&#8220;on|tablet&#8220; background_last_edited=&#8220;on|tablet&#8220; background_enable_image_phone=&#8220;off&#8220; global_colors_info=&#8220;{}&#8220;][et_pb_text _builder_version=&#8220;4.24.2&#8243; _module_preset=&#8220;default&#8220; header_2_font_size=&#8220;50px&#8220; header_2_line_height=&#8220;1.1em&#8220; header_6_font=&#8220;Montserrat|||on|||||&#8220; header_6_text_color=&#8220;#081F40&#8243; header_6_font_size=&#8220;18px&#8220; custom_margin=&#8220;15px||||false|false&#8220; custom_css_free_form=&#8220;selector h6 { margin: 6px 0px;}||selector h2 { margin-bottom: 12px;}||selector img { margin-bottom: 12px;}&#8220; global_colors_info=&#8220;{}&#8220;]\n<p><img loading=\"lazy\" decoding=\"async\" class=\"wp-image-400 alignnone size-full\" src=\"https:\/\/fenyvesyachtclub.hu\/wp-content\/uploads\/wave-dark.png\" alt=\"\" width=\"100\" height=\"10\" \/><\/p>\n<h2>Unser bar<\/h2>\n<h6>Die Bar ist von Fr\u00fchling bis Herbst bei sch\u00f6nem Wetter von 11:00 bis 21:00 Uhr ge\u00f6ffneta<\/h6>\n[\/et_pb_text][\/et_pb_column][\/et_pb_row][\/et_pb_section][et_pb_section fb_built=&#8220;1&#8243; admin_label=&#8220;S\u00e1rga gombok&#8220; module_id=&#8220;sb_etlap&#8220; _builder_version=&#8220;4.24.3&#8243; _module_preset=&#8220;default&#8220; background_color=&#8220;#ECF2F9&#8243; background_enable_image=&#8220;off&#8220; custom_padding=&#8220;14px||0px|||&#8220; global_colors_info=&#8220;{}&#8220;][et_pb_row _builder_version=&#8220;4.24.2&#8243; _module_preset=&#8220;default&#8220; custom_margin=&#8220;|auto|-5px|auto||&#8220; custom_padding=&#8220;||0px|||&#8220; global_colors_info=&#8220;{}&#8220;][et_pb_column type=&#8220;4_4&#8243; _builder_version=&#8220;4.24.2&#8243; _module_preset=&#8220;default&#8220; custom_css_main_element=&#8220;display: flex;||justify-content: center;&#8220; global_colors_info=&#8220;{}&#8220;][et_pb_text _builder_version=&#8220;4.24.2&#8243; _module_preset=&#8220;default&#8220; header_2_line_height=&#8220;1.1em&#8220; custom_css_free_form=&#8220;selector img { margin-top: 18px;}&#8220; global_colors_info=&#8220;{}&#8220;]\n<h1 style=\"text-align: center;\">Menu<\/h1>\n<p style=\"text-align: center;\"><img loading=\"lazy\" decoding=\"async\" class=\"wp-image-400 alignnone size-full\" src=\"https:\/\/fenyvesyachtclub.hu\/wp-content\/uploads\/wave-dark.png\" alt=\"\" width=\"100\" height=\"10\" \/><\/p>\n[\/et_pb_text][\/et_pb_column][\/et_pb_row][et_pb_row _builder_version=&#8220;4.24.2&#8243; _module_preset=&#8220;default&#8220; global_colors_info=&#8220;{}&#8220;][et_pb_column type=&#8220;4_4&#8243; _builder_version=&#8220;4.24.2&#8243; _module_preset=&#8220;default&#8220; custom_css_main_element=&#8220;display: flex;||justify-content: center;&#8220; global_colors_info=&#8220;{}&#8220;][et_pb_image src=&#8220;https:\/\/fenyvesyachtclub.hu\/wp-content\/uploads\/solya-bar-menu1.jpeg&#8220; title_text=&#8220;solya bar menu1&#8243; show_in_lightbox=&#8220;on&#8220; align=&#8220;right&#8220; _builder_version=&#8220;4.24.3&#8243; _module_preset=&#8220;default&#8220; width=&#8220;300px&#8220; custom_margin=&#8220;|25px||25px|false|true&#8220; global_colors_info=&#8220;{}&#8220;][\/et_pb_image][\/et_pb_column][\/et_pb_row][\/et_pb_section][et_pb_section fb_built=&#8220;1&#8243; admin_label=&#8220;Aktu\u00e1lis&#8220; module_id=&#8220;sb_galeria&#8220; _builder_version=&#8220;4.24.3&#8243; _module_preset=&#8220;default&#8220; custom_padding=&#8220;||0px|||&#8220; saved_tabs=&#8220;all&#8220; global_colors_info=&#8220;{}&#8220;][et_pb_row _builder_version=&#8220;4.24.2&#8243; _module_preset=&#8220;default&#8220; custom_padding=&#8220;||32px|||&#8220; global_colors_info=&#8220;{}&#8220;][et_pb_column type=&#8220;4_4&#8243; _builder_version=&#8220;4.24.2&#8243; _module_preset=&#8220;default&#8220; global_colors_info=&#8220;{}&#8220;][et_pb_text _builder_version=&#8220;4.24.2&#8243; _module_preset=&#8220;default&#8220; header_2_line_height=&#8220;1.1em&#8220; custom_css_free_form=&#8220;selector img { margin-top: 18px;}&#8220; global_colors_info=&#8220;{}&#8220;]\n<h2 style=\"text-align: center;\">Galerie<\/h2>\n<p style=\"text-align: center;\"><img loading=\"lazy\" decoding=\"async\" class=\"wp-image-48 alignnone size-full\" src=\"https:\/\/fenyvesyachtclub.hu\/wp-content\/uploads\/wave.png\" alt=\"\" width=\"147\" height=\"14\" \/><\/p>\n[\/et_pb_text][\/et_pb_column][\/et_pb_row][et_pb_row _builder_version=&#8220;4.24.2&#8243; _module_preset=&#8220;default&#8220; width=&#8220;100%&#8220; max_width=&#8220;100%&#8220; custom_padding=&#8220;4px|||||&#8220; global_colors_info=&#8220;{}&#8220;][et_pb_column type=&#8220;4_4&#8243; _builder_version=&#8220;4.24.2&#8243; _module_preset=&#8220;default&#8220; global_colors_info=&#8220;{}&#8220;][et_pb_code _builder_version=&#8220;4.25.0&#8243; _module_preset=&#8220;default&#8220; hover_enabled=&#8220;0&#8243; global_colors_info=&#8220;{}&#8220; sticky_enabled=&#8220;0&#8243;]        <!-- Script Adding Settings\/Attributes of Shortcode -->\r\n        <script type=\"text\/javascript\">\r\n            (function ($) {\r\n                'use strict';\r\n                $(document).ready(function ($) {\r\n                    var owl = $(\"#soc-carousel-1778\");\r\n                    owl.owlCarousel({\r\n\r\n                        \/\/ Most important owl features\r\n                        items: 5,\r\n                        singleItem: true,\r\n                        itemsScaleUp: true,\r\n\r\n                        \/\/ Basic Speeds\r\n                        smartSpeed: 1000,\r\n\r\n\r\n\r\n                        \/\/ Lazy load\r\n                        lazyLoad :  false,\r\n\r\n                        \/\/ Auto height\r\n                        autoHeight: true,\r\n\r\n                        \/\/ Margin\r\n                        margin: 15,\r\n\r\n                        \/\/ Auto play\r\n                        autoplay: true,\r\n\r\n                        \/\/ Auto timeout\r\n                        autoplayTimeout: 5000,\r\n\r\n                        \/\/ Auto hoverstop\r\n                        autoplayHoverPause: false,\r\n\r\n                        \/\/ Auto hoverstop\r\n                        loop: true,\r\n                        responsiveClass:true,\r\n                        responsive:{\r\n                          0 : { items : 1  }, \/\/ from zero to 480 screen width 4 items\r\n                          400 : { items : 2  }, \/\/ from zero to 480 screen width 4 items\r\n                          768 : { items : 3  }, \/\/ from 480 screen widthto 768 6 items\r\n                          1024 : { items : 5 } \/\/ from 768 screen width to 1024 8 items\r\n                        },\r\n                        \/\/ Navigation\r\n                        dots: true,\r\n                        nav: false,\r\n                    \t\tnavText: [\r\n                    \t\t\t'<span aria-label=\"' + 'Previous' + '\">Prev<\/span>',\r\n                    \t\t\t'<span aria-label=\"' + 'Next' + '\">Next<\/span>'\r\n                    \t\t],\r\n                    \t\tnavSpeed: false,\r\n                    \t\tnavElement: 'button type=\"button\" class=\"next-prev\" role=\"presentation\"',\r\n                    \t\tnavContainer: false,\r\n                    \t\tnavContainerClass: 'owl-nav',\r\n                    \t\tnavClass: [\r\n                    \t\t\t'owl-prev',\r\n                    \t\t\t'owl-next'\r\n                    \t\t],\r\n                    });\r\n                });\r\n            })(jQuery);\r\n        <\/script>\r\n        <div id=\"soc-carousel-1778\" class=\"owl-carousel owl-theme\"><div class=\"item\"><img decoding=\"async\" src=\"https:\/\/fenyvesyachtclub.hu\/wp-content\/uploads\/n-bar-nagy.jpg\" alt=\"n-bar-nagy\"><\/div><div class=\"item\"><img decoding=\"async\" src=\"https:\/\/fenyvesyachtclub.hu\/wp-content\/uploads\/n-bar-kicsi.jpg\" alt=\"n-bar-kicsi\"><\/div><div class=\"item\"><img decoding=\"async\" src=\"https:\/\/fenyvesyachtclub.hu\/wp-content\/uploads\/IMG_8481.jpg\" alt=\"IMG_8481\"><\/div><div class=\"item\"><img decoding=\"async\" src=\"https:\/\/fenyvesyachtclub.hu\/wp-content\/uploads\/IMG_8482.jpg\" alt=\"IMG_8482\"><\/div><div class=\"item\"><img decoding=\"async\" src=\"https:\/\/fenyvesyachtclub.hu\/wp-content\/uploads\/IMG_8484.jpg\" alt=\"IMG_8484\"><\/div><div class=\"item\"><img decoding=\"async\" src=\"https:\/\/fenyvesyachtclub.hu\/wp-content\/uploads\/IMG_8489.jpg\" alt=\"IMG_8489\"><\/div><div class=\"item\"><img decoding=\"async\" src=\"https:\/\/fenyvesyachtclub.hu\/wp-content\/uploads\/IMG_8492.jpg\" alt=\"IMG_8492\"><\/div><div class=\"item\"><img decoding=\"async\" src=\"https:\/\/fenyvesyachtclub.hu\/wp-content\/uploads\/IMG_8496.jpg\" alt=\"IMG_8496\"><\/div><\/div><!-- [et_pb_line_break_holder] -->[\/et_pb_code][\/et_pb_column][\/et_pb_row][\/et_pb_section][et_pb_section fb_built=&#8220;1&#8243; admin_label=&#8220;Sablon DE &#8211; Kapcsolat blokk&#8220; module_id=&#8220;a_contact&#8220; _builder_version=&#8220;4.25.0&#8243; _module_preset=&#8220;default&#8220; background_enable_color=&#8220;off&#8220; background_image=&#8220;https:\/\/fenyvesyachtclub.hu\/wp-content\/uploads\/kikoto-elerhetosegek-background.jpg&#8220; custom_padding=&#8220;0px||0px|||&#8220; global_module=&#8220;1287&#8243; saved_tabs=&#8220;all&#8220; global_colors_info=&#8220;{}&#8220;][et_pb_row _builder_version=&#8220;4.24.2&#8243; _module_preset=&#8220;default&#8220; custom_padding=&#8220;44px||11px|||&#8220; global_colors_info=&#8220;{}&#8220;][et_pb_column type=&#8220;4_4&#8243; _builder_version=&#8220;4.24.2&#8243; _module_preset=&#8220;default&#8220; global_colors_info=&#8220;{}&#8220;][et_pb_text _builder_version=&#8220;4.25.0&#8243; _module_preset=&#8220;default&#8220; header_2_text_color=&#8220;#FFFFFF&#8220; global_colors_info=&#8220;{}&#8220;]\n<h2 style=\"text-align: center;\">Kontakt<\/h2>\n[\/et_pb_text][et_pb_image src=&#8220;https:\/\/fenyvesyachtclub.hu\/wp-content\/uploads\/wave-white.png&#8220; title_text=&#8220;wave-white&#8220; align=&#8220;center&#8220; _builder_version=&#8220;4.24.2&#8243; _module_preset=&#8220;default&#8220; global_colors_info=&#8220;{}&#8220;][\/et_pb_image][\/et_pb_column][\/et_pb_row][et_pb_row column_structure=&#8220;1_3,1_3,1_3&#8243; module_class=&#8220;info-columns&#8220; _builder_version=&#8220;4.24.3&#8243; _module_preset=&#8220;default&#8220; global_colors_info=&#8220;{}&#8220;][et_pb_column type=&#8220;1_3&#8243; _builder_version=&#8220;4.24.2&#8243; _module_preset=&#8220;default&#8220; global_colors_info=&#8220;{}&#8220;][et_pb_text _builder_version=&#8220;4.24.3&#8243; _module_preset=&#8220;default&#8220; text_font=&#8220;|600|||||||&#8220; text_text_color=&#8220;gcid-2fbf1190-7d08-454c-aefb-959db91353dc&#8220; link_font=&#8220;|600|||||||&#8220; link_text_color=&#8220;gcid-2fbf1190-7d08-454c-aefb-959db91353dc&#8220; global_colors_info=&#8220;{%22gcid-2fbf1190-7d08-454c-aefb-959db91353dc%22:%91%22text_text_color%22,%22link_text_color%22%93}&#8220;]\n<p style=\"text-align: center;\"><strong><span>Vertrieb<\/span>:<\/strong><br \/><a href=\"mailto:kikoto@fenyvesyachtclub.hu\">kikoto@fenyvesyachtclub.hu<\/a><br \/><a href=\"mailto:sales@fenyvesyachtclub.hu\">sales@fenyvesyachtclub.hu<\/a><\/p>\n[\/et_pb_text][\/et_pb_column][et_pb_column type=&#8220;1_3&#8243; _builder_version=&#8220;4.24.2&#8243; _module_preset=&#8220;default&#8220; global_colors_info=&#8220;{}&#8220;][et_pb_text _builder_version=&#8220;4.24.3&#8243; _module_preset=&#8220;default&#8220; text_font=&#8220;|600|||||||&#8220; text_text_color=&#8220;gcid-2fbf1190-7d08-454c-aefb-959db91353dc&#8220; link_font=&#8220;|300|||||||&#8220; link_text_color=&#8220;gcid-2fbf1190-7d08-454c-aefb-959db91353dc&#8220; global_colors_info=&#8220;{%22gcid-2fbf1190-7d08-454c-aefb-959db91353dc%22:%91%22text_text_color%22,%22link_text_color%22%93}&#8220;]\n<p style=\"text-align: center;\"><strong><span>Hafenmeisterdienst\u00a0<\/span> (0-24):<\/strong><br \/>+36 30 312 0338<\/p>\n[\/et_pb_text][\/et_pb_column][et_pb_column type=&#8220;1_3&#8243; _builder_version=&#8220;4.24.2&#8243; _module_preset=&#8220;default&#8220; global_colors_info=&#8220;{}&#8220;][et_pb_text _builder_version=&#8220;4.24.3&#8243; _module_preset=&#8220;default&#8220; text_font=&#8220;|600|||||||&#8220; text_text_color=&#8220;gcid-2fbf1190-7d08-454c-aefb-959db91353dc&#8220; link_font=&#8220;|300|||||||&#8220; link_text_color=&#8220;gcid-2fbf1190-7d08-454c-aefb-959db91353dc&#8220; global_colors_info=&#8220;{%22gcid-2fbf1190-7d08-454c-aefb-959db91353dc%22:%91%22text_text_color%22,%22link_text_color%22%93}&#8220;]\n<p style=\"text-align: center;\"><strong><span>Hotelrezeption<\/span>:<\/strong><br \/>+36 30 307 6289<\/p>\n[\/et_pb_text][\/et_pb_column][\/et_pb_row][\/et_pb_section]\n","protected":false},"excerpt":{"rendered":"<p>S\u00f3lya Bar Die S\u00f3lya Bar ist im Sommer das Zentrum des gesellschaftlichen Lebens. Mit einem breiten Getr\u00e4nkeangebot, speziellen Kaffeespezialit\u00e4ten und schnell zubereiteten, street-food-artigen Gerichten begr\u00fc\u00dft sie ihre G\u00e4ste. Von der Terrasse im Obergeschoss der Bar bietet sich ein herrlicher Panoramablick auf den Balaton. Unser bar Die Bar ist von Fr\u00fchling bis Herbst bei sch\u00f6nem Wetter [&hellip;]<\/p>\n","protected":false},"author":1,"featured_media":0,"parent":0,"menu_order":0,"comment_status":"closed","ping_status":"closed","template":"","meta":{"_et_pb_use_builder":"on","_et_pb_old_content":"","_et_gb_content_width":"","footnotes":""},"class_list":["post-1269","page","type-page","status-publish","hentry"],"_links":{"self":[{"href":"https:\/\/fenyvesyachtclub.hu\/de\/wp-json\/wp\/v2\/pages\/1269","targetHints":{"allow":["GET"]}}],"collection":[{"href":"https:\/\/fenyvesyachtclub.hu\/de\/wp-json\/wp\/v2\/pages"}],"about":[{"href":"https:\/\/fenyvesyachtclub.hu\/de\/wp-json\/wp\/v2\/types\/page"}],"author":[{"embeddable":true,"href":"https:\/\/fenyvesyachtclub.hu\/de\/wp-json\/wp\/v2\/users\/1"}],"replies":[{"embeddable":true,"href":"https:\/\/fenyvesyachtclub.hu\/de\/wp-json\/wp\/v2\/comments?post=1269"}],"version-history":[{"count":5,"href":"https:\/\/fenyvesyachtclub.hu\/de\/wp-json\/wp\/v2\/pages\/1269\/revisions"}],"predecessor-version":[{"id":1782,"href":"https:\/\/fenyvesyachtclub.hu\/de\/wp-json\/wp\/v2\/pages\/1269\/revisions\/1782"}],"wp:attachment":[{"href":"https:\/\/fenyvesyachtclub.hu\/de\/wp-json\/wp\/v2\/media?parent=1269"}],"curies":[{"name":"wp","href":"https:\/\/api.w.org\/{rel}","templated":true}]}}