{"id":1243,"date":"2024-03-13T17:05:31","date_gmt":"2024-03-13T16:05:31","guid":{"rendered":"https:\/\/newsite.fenyvesyachtclub.hu\/?page_id=1243"},"modified":"2024-05-08T10:39:26","modified_gmt":"2024-05-08T08:39:26","slug":"hafen","status":"publish","type":"page","link":"https:\/\/fenyvesyachtclub.hu\/de\/hafen\/","title":{"rendered":"Hafen"},"content":{"rendered":"[et_pb_section fb_built=&#8220;1&#8243; fullwidth=&#8220;on&#8220; _builder_version=&#8220;4.24.2&#8243; _module_preset=&#8220;default&#8220; global_colors_info=&#8220;{}&#8220;][et_pb_fullwidth_image src=&#8220;https:\/\/fenyvesyachtclub.hu\/wp-content\/uploads\/header-kikoto.jpg&#8220; title_text=&#8220;header-kikoto&#8220; _builder_version=&#8220;4.24.2&#8243; _module_preset=&#8220;default&#8220; global_colors_info=&#8220;{}&#8220;][\/et_pb_fullwidth_image][\/et_pb_section][et_pb_section fb_built=&#8220;1&#8243; admin_label=&#8220;Fenyves yacht club&#8220; module_id=&#8220;a_top&#8220; _builder_version=&#8220;4.24.3&#8243; _module_preset=&#8220;default&#8220; background_image=&#8220;https:\/\/fenyvesyachtclub.hu\/wp-content\/uploads\/epluet-bg.jpg&#8220; custom_padding=&#8220;33px|||||&#8220; global_colors_info=&#8220;{}&#8220;][et_pb_row _builder_version=&#8220;4.24.2&#8243; _module_preset=&#8220;default&#8220; global_colors_info=&#8220;{}&#8220;][et_pb_column type=&#8220;4_4&#8243; _builder_version=&#8220;4.24.2&#8243; _module_preset=&#8220;default&#8220; global_colors_info=&#8220;{}&#8220;][et_pb_text _builder_version=&#8220;4.24.2&#8243; _module_preset=&#8220;default&#8220; header_2_line_height=&#8220;1.1em&#8220; custom_css_free_form=&#8220;selector img { margin-top: 18px;}&#8220; global_colors_info=&#8220;{}&#8220;]\n<h2 style=\"text-align: center;\">Hafen<\/h2>\n<p style=\"text-align: center;\"><img loading=\"lazy\" decoding=\"async\" class=\"wp-image-400 alignnone size-full\" src=\"https:\/\/fenyvesyachtclub.hu\/wp-content\/uploads\/wave-dark.png\" alt=\"\" width=\"100\" height=\"10\" \/><\/p>\n<p style=\"text-align: center;\">Im Jahr 2016 er\u00f6ffnet, erm\u00f6glicht unser Hafen die ganzj\u00e4hrige Wasserlagerung von 300 Segel- und Motorbooten <br \/>durch den Einsatz modernster Wasserpumpentechnologie.<br \/>Wir haben die h\u00f6chste Bewertung von 4 Sternen von der Ungarischen Segelakademie erhalten.<\/p>\n[\/et_pb_text][\/et_pb_column][\/et_pb_row][\/et_pb_section][et_pb_section fb_built=&#8220;1&#8243; admin_label=&#8220;Szolg\u00e1ltat\u00e1saink&#8220; _builder_version=&#8220;4.24.2&#8243; _module_preset=&#8220;default&#8220; custom_padding=&#8220;||0px|||&#8220; global_colors_info=&#8220;{}&#8220;][et_pb_row _builder_version=&#8220;4.24.2&#8243; _module_preset=&#8220;default&#8220; custom_padding=&#8220;||0px||false|false&#8220; global_colors_info=&#8220;{}&#8220;][et_pb_column type=&#8220;4_4&#8243; _builder_version=&#8220;4.24.2&#8243; _module_preset=&#8220;default&#8220; global_colors_info=&#8220;{}&#8220;][et_pb_text _builder_version=&#8220;4.24.3&#8243; _module_preset=&#8220;default&#8220; custom_margin=&#8220;||1px|||&#8220; custom_padding=&#8220;||0px|||&#8220; global_colors_info=&#8220;{}&#8220;]\n<h2 style=\"text-align: center;\"><span>Dienstleistungen<\/span><\/h2>\n<p style=\"text-align: center;\"><img loading=\"lazy\" decoding=\"async\" class=\"wp-image-403 alignnone size-full\" src=\"https:\/\/fenyvesyachtclub.hu\/wp-content\/uploads\/wave-gold.png\" alt=\"\" width=\"100\" height=\"10\" \/><\/p>\n[\/et_pb_text][\/et_pb_column][\/et_pb_row][\/et_pb_section][et_pb_section fb_built=&#8220;1&#8243; _builder_version=&#8220;4.24.2&#8243; _module_preset=&#8220;default&#8220; custom_padding=&#8220;31px||17px|||&#8220; global_colors_info=&#8220;{}&#8220;][et_pb_row column_structure=&#8220;1_2,1_2&#8243; _builder_version=&#8220;4.24.2&#8243; _module_preset=&#8220;default&#8220; custom_padding=&#8220;2px|||||&#8220; global_colors_info=&#8220;{}&#8220;][et_pb_column type=&#8220;1_2&#8243; _builder_version=&#8220;4.24.2&#8243; _module_preset=&#8220;default&#8220; global_colors_info=&#8220;{}&#8220;][et_pb_text _builder_version=&#8220;4.24.2&#8243; _module_preset=&#8220;default&#8220; global_colors_info=&#8220;{}&#8220;]\n<h2>Unsere Dienstleistungen am Liegeplatz umfassen:<\/h2>\n<ul>\n<li>Bereitstellung technischer Unterst\u00fctzung f\u00fcr die Winterlagerung von Booten<\/li>\n<li>Stromversorgungsm\u00f6glichkeiten<\/li>\n<li>M\u00f6glichkeit zur Wasserentnahme<\/li>\n<li>Unterst\u00fctzung beim Anlegen<\/li>\n<li>Nutzung zentraler Abwasserentsorgungseinrichtungen<\/li>\n<li>Vollst\u00e4ndige Haftpflichtversicheru<\/li>\n<li>24-Stunden-Hafendienst<\/li>\n<li>Sicherheitskamerasystem<\/li>\n<\/ul>\n[\/et_pb_text][\/et_pb_column][et_pb_column type=&#8220;1_2&#8243; _builder_version=&#8220;4.24.2&#8243; _module_preset=&#8220;default&#8220; global_colors_info=&#8220;{}&#8220;][et_pb_text _builder_version=&#8220;4.24.2&#8243; _module_preset=&#8220;default&#8220; global_colors_info=&#8220;{}&#8220;]\n<h2>Die Grunddienstleistungen am Ufer umfassen:<\/h2>\n<ul>\n<li>Umfassender Bootsservice, Mast- und Kranservice<\/li>\n<li>Kontinuierlich aktualisierte meteorologische Informationen<\/li>\n<li>Teilweise selektive Sammlung von kommunalem Abfall<\/li>\n<li>Sammlung von gef\u00e4hrlichem Abfall<\/li>\n<li>1 Parkplatz f\u00fcr PKWs<\/li>\n<li>Nutzung der sanit\u00e4ren Einrichtungen, die f\u00fcr Mieter reserviert sind<\/li>\n<li>15% Rabatt im Perlaki Restaurant und in der S\u00f3lya Bar<\/li>\n<li>20% Rabatt im Hotel f\u00fcr 10 \u00dcbernachtungen<\/li>\n<\/ul>\n[\/et_pb_text][\/et_pb_column][\/et_pb_row][\/et_pb_section][et_pb_section fb_built=&#8220;1&#8243; module_id=&#8220;a_arak&#8220; _builder_version=&#8220;4.24.2&#8243; _module_preset=&#8220;default&#8220; background_color=&#8220;#ECF2F9&#8243; custom_padding=&#8220;8px||5px|||&#8220; global_colors_info=&#8220;{}&#8220;][et_pb_row _builder_version=&#8220;4.24.2&#8243; _module_preset=&#8220;default&#8220; global_colors_info=&#8220;{}&#8220;][et_pb_column type=&#8220;4_4&#8243; _builder_version=&#8220;4.24.2&#8243; _module_preset=&#8220;default&#8220; global_colors_info=&#8220;{}&#8220;][et_pb_text _builder_version=&#8220;4.24.3&#8243; _module_preset=&#8220;default&#8220; text_font=&#8220;|||on|||||&#8220; text_letter_spacing=&#8220;2px&#8220; global_colors_info=&#8220;{}&#8220;]\n<h2 style=\"text-align: center;\">PRESIE<\/h2>\n<p style=\"text-align: center;\"><img loading=\"lazy\" decoding=\"async\" class=\"wp-image-400 alignnone size-full\" src=\"https:\/\/fenyvesyachtclub.hu\/wp-content\/uploads\/wave-dark.png\" alt=\"\" width=\"100\" height=\"10\" \/><\/p>\n<p style=\"text-align: center;\">\u00e1rak \u00e9rv\u00e9nyess\u00e9ge 2025.03.31-ig tart\u00f3 szezonra.<\/p>\n[\/et_pb_text][\/et_pb_column][\/et_pb_row][\/et_pb_section][et_pb_section fb_built=&#8220;1&#8243; _builder_version=&#8220;4.24.2&#8243; _module_preset=&#8220;default&#8220; custom_padding=&#8220;6px|||||&#8220; global_colors_info=&#8220;{}&#8220;][et_pb_row _builder_version=&#8220;4.24.2&#8243; _module_preset=&#8220;default&#8220; global_colors_info=&#8220;{}&#8220;][et_pb_column type=&#8220;4_4&#8243; _builder_version=&#8220;4.24.2&#8243; _module_preset=&#8220;default&#8220; global_colors_info=&#8220;{}&#8220;][et_pb_text module_class=&#8220;priceTable&#8220; _builder_version=&#8220;4.24.2&#8243; _module_preset=&#8220;default&#8220; global_colors_info=&#8220;{}&#8220;]\n<table style=\"border-collapse: collapse; width: 100%;\">\n<tbody>\n<tr>\n<th><\/th>\n<th colspan=\"9\">Haj\u00f3hely sz\u00e9less\u00e9ge (m)<\/th>\n<\/tr>\n<tr>\n<th><\/th>\n<th>2,65<\/th>\n<th>2,9<\/th>\n<th>3,15<\/th>\n<th>3,5<\/th>\n<th>3,75<\/th>\n<th>4<\/th>\n<th>4,25<\/th>\n<th>4,5<\/th>\n<th>4,75; 5<\/th>\n<\/tr>\n<tr>\n<td>7m finger<br \/>\n(max. 8m haj\u00f3hossz)<\/td>\n<td><em>3 300<\/em> EUR<\/td>\n<td><em>3 465<\/em> EUR<\/td>\n<td><em>3 630<\/em> EUR<\/td>\n<td><\/td>\n<td><\/td>\n<td><\/td>\n<td><\/td>\n<td><\/td>\n<td><\/td>\n<\/tr>\n<tr>\n<td>9m finger<br \/>\n(max. 11m haj\u00f3hossz)<\/td>\n<td><\/td>\n<td><\/td>\n<td><\/td>\n<td><em>4 730<\/em> EUR<\/td>\n<td><em>5 115<\/em> EUR<\/td>\n<td><em>5 445<\/em> EUR<\/td>\n<td><\/td>\n<td><\/td>\n<td><\/td>\n<\/tr>\n<tr>\n<td>12m finger<br \/>\n(max. 15m haj\u00f3hossz)<\/td>\n<td><\/td>\n<td><\/td>\n<td><\/td>\n<td><\/td>\n<td><\/td>\n<td><\/td>\n<td><em>6 545<\/em> EUR<\/td>\n<td><em>6 930<\/em> EUR<\/td>\n<td><em>7 260<\/em> EUR<\/td>\n<\/tr>\n<\/tbody>\n<\/table>\n[\/et_pb_text][\/et_pb_column][\/et_pb_row][et_pb_row column_structure=&#8220;1_2,1_2&#8243; _builder_version=&#8220;4.24.2&#8243; _module_preset=&#8220;default&#8220; custom_padding=&#8220;||9px|||&#8220; global_colors_info=&#8220;{}&#8220;][et_pb_column type=&#8220;1_2&#8243; _builder_version=&#8220;4.24.2&#8243; _module_preset=&#8220;default&#8220; global_colors_info=&#8220;{}&#8220;][et_pb_text _builder_version=&#8220;4.24.2&#8243; _module_preset=&#8220;default&#8220; custom_css_free_form=&#8220;selector strong { color: #10509F; }&#8220; global_colors_info=&#8220;{}&#8220;]A maxim\u00e1lis haj\u00f3hossz adott helyen kisebb is lehet \u00e9s a haj\u00f3 teljes hossz\u00e1t jelenti, bele\u00e9rtve a lehajthat\u00f3 t\u00fckr\u00f6t, ut\u00f3lag \u00e9p\u00edtett orr vagy farkil\u00e9p\u0151t.<\/p>\n<table style=\"border-collapse: collapse; width: 100%;\" border=\"0\">\n<tbody>\n<tr>\n<td style=\"width: 50%;\"><strong>Havi d\u00edj <\/strong><\/td>\n<td style=\"width: 50%;\"><strong>\u00e9ves d\u00edj 20%-a<\/strong><\/td>\n<\/tr>\n<tr>\n<td>j\u00fanius vagy szeptember<\/td>\n<td>\u00e9ves d\u00edj 25%-a<\/td>\n<\/tr>\n<tr>\n<td>j\u00falius vagy augusztus<\/td>\n<td>\u00e9ves d\u00edj 30%-a<\/td>\n<\/tr>\n<\/tbody>\n<\/table>\n[\/et_pb_text][\/et_pb_column][et_pb_column type=&#8220;1_2&#8243; _builder_version=&#8220;4.24.2&#8243; _module_preset=&#8220;default&#8220; global_colors_info=&#8220;{}&#8220;][et_pb_text _builder_version=&#8220;4.24.2&#8243; _module_preset=&#8220;default&#8220; custom_css_free_form=&#8220;selector strong { color: #10509F; }&#8220; global_colors_info=&#8220;{}&#8220;]\n<table style=\"border-collapse: collapse; width: 100%;\" border=\"0\">\n<tbody>\n<tr>\n<td style=\"width: 50%;\"><strong>T\u00e9li parti t\u00e1rol\u00e1s<\/strong><\/td>\n<td style=\"width: 50%;\"><\/td>\n<\/tr>\n<tr>\n<td>kik\u00f6t\u0151 ter\u00fclet\u00e9n<\/td>\n<td>+20% \u00e9s a ki-be daruz\u00e1s k\u00f6lts\u00e9ge<\/td>\n<\/tr>\n<\/tbody>\n<\/table>\n<table style=\"border-collapse: collapse; width: 100%;\" border=\"0\">\n<tbody>\n<tr>\n<td style=\"width: 50%;\"><strong>Vend\u00e9ghely napi d\u00edja <\/strong><\/td>\n<td style=\"width: 50%;\"><\/td>\n<\/tr>\n<tr>\n<td>7m-ig<\/td>\n<td>10 000 Ft<\/td>\n<\/tr>\n<tr>\n<td>7-10m k\u00f6z\u00f6tt<\/td>\n<td>12 000 Ft<\/td>\n<\/tr>\n<tr>\n<td>10-15m k\u00f6z\u00f6tt<\/td>\n<td>15 000 Ft<\/td>\n<\/tr>\n<\/tbody>\n<\/table>\n[\/et_pb_text][\/et_pb_column][\/et_pb_row][et_pb_row module_id=&#8220;a_download&#8220; _builder_version=&#8220;4.24.2&#8243; _module_preset=&#8220;default&#8220; custom_padding=&#8220;5px|||||&#8220; global_colors_info=&#8220;{}&#8220;][et_pb_column type=&#8220;4_4&#8243; _builder_version=&#8220;4.24.2&#8243; _module_preset=&#8220;default&#8220; global_colors_info=&#8220;{}&#8220;][et_pb_text _builder_version=&#8220;4.24.3&#8243; _module_preset=&#8220;default&#8220; global_colors_info=&#8220;{}&#8220;]\n<p style=\"text-align: center;\">Downloadbare Dokumente<\/p>\n[\/et_pb_text][et_pb_button button_url=&#8220;#&#8220; button_text=&#8220;\u00c1ltal\u00e1nos szerz\u0151d\u00e9si felt\u00e9teleInk&#8220; button_alignment=&#8220;center&#8220; _builder_version=&#8220;4.24.2&#8243; _module_preset=&#8220;default&#8220; custom_button=&#8220;on&#8220; button_text_size=&#8220;18px&#8220; button_text_color=&#8220;#FFFFFF&#8220; button_bg_color=&#8220;#C2A47B&#8220; button_border_width=&#8220;0px&#8220; button_border_radius=&#8220;0px&#8220; button_letter_spacing=&#8220;2px&#8220; button_font=&#8220;|||on|||||&#8220; button_use_icon=&#8220;off&#8220; custom_margin_tablet=&#8220;||40px||false|false&#8220; custom_margin_phone=&#8220;||40px||false|false&#8220; custom_margin_last_edited=&#8220;on|tablet&#8220; custom_padding=&#8220;10px|40px|10px|40px|true|true&#8220; custom_padding_tablet=&#8220;10px|40px||40px|false|true&#8220; custom_padding_phone=&#8220;10px|40px||40px|false|true&#8220; custom_padding_last_edited=&#8220;on|tablet&#8220; custom_css_free_form=&#8220;selector:hover { transform: scale(1.05)}&#8220; box_shadow_style=&#8220;preset1&#8243; box_shadow_vertical=&#8220;0px&#8220; box_shadow_blur=&#8220;15px&#8220; global_colors_info=&#8220;{}&#8220; box_shadow_blur__hover_enabled=&#8220;on|hover&#8220; box_shadow_blur__hover=&#8220;20px&#8220; box_shadow_spread__hover_enabled=&#8220;on|hover&#8220; box_shadow_spread__hover=&#8220;1px&#8220; custom_padding__hover_enabled=&#8220;off|desktop&#8220; custom_padding__hover=&#8220;13px|46px|13px|46px|true|true&#8220; box_shadow_color__hover_enabled=&#8220;on|hover&#8220; box_shadow_color__hover=&#8220;rgba(0,0,0,0.35)&#8220;][\/et_pb_button][\/et_pb_column][\/et_pb_row][\/et_pb_section][et_pb_section fb_built=&#8220;1&#8243; admin_label=&#8220;Sablon &#8211; Kapcsolat blokk&#8220; module_id=&#8220;a_contact&#8220; _builder_version=&#8220;4.25.0&#8243; _module_preset=&#8220;default&#8220; background_enable_color=&#8220;off&#8220; background_image=&#8220;https:\/\/fenyvesyachtclub.hu\/wp-content\/uploads\/kikoto-elerhetosegek-background.jpg&#8220; custom_padding=&#8220;0px||0px|||&#8220; saved_tabs=&#8220;all&#8220; global_colors_info=&#8220;{}&#8220; global_module=&#8220;1290&#8243; theme_builder_area=&#8220;post_content&#8220;][et_pb_row _builder_version=&#8220;4.24.2&#8243; _module_preset=&#8220;default&#8220; custom_padding=&#8220;44px||11px|||&#8220; global_colors_info=&#8220;{}&#8220; theme_builder_area=&#8220;post_content&#8220;][et_pb_column type=&#8220;4_4&#8243; _builder_version=&#8220;4.24.2&#8243; _module_preset=&#8220;default&#8220; global_colors_info=&#8220;{}&#8220; theme_builder_area=&#8220;post_content&#8220;][et_pb_text _builder_version=&#8220;4.25.0&#8243; _module_preset=&#8220;default&#8220; header_2_text_color=&#8220;#FFFFFF&#8220; global_colors_info=&#8220;{}&#8220; theme_builder_area=&#8220;post_content&#8220;]\n<h2 style=\"text-align: center;\">Kontakt D<\/h2>\n[\/et_pb_text][et_pb_image src=&#8220;https:\/\/fenyvesyachtclub.hu\/wp-content\/uploads\/wave-white.png&#8220; title_text=&#8220;wave-white&#8220; align=&#8220;center&#8220; _builder_version=&#8220;4.24.2&#8243; _module_preset=&#8220;default&#8220; global_colors_info=&#8220;{}&#8220; theme_builder_area=&#8220;post_content&#8220;][\/et_pb_image][\/et_pb_column][\/et_pb_row][et_pb_row column_structure=&#8220;1_3,1_3,1_3&#8243; module_class=&#8220;info-columns&#8220; _builder_version=&#8220;4.24.3&#8243; _module_preset=&#8220;default&#8220; global_colors_info=&#8220;{}&#8220; theme_builder_area=&#8220;post_content&#8220;][et_pb_column type=&#8220;1_3&#8243; _builder_version=&#8220;4.24.2&#8243; _module_preset=&#8220;default&#8220; global_colors_info=&#8220;{}&#8220; theme_builder_area=&#8220;post_content&#8220;][et_pb_text _builder_version=&#8220;4.24.3&#8243; _module_preset=&#8220;default&#8220; text_font=&#8220;|600|||||||&#8220; text_text_color=&#8220;gcid-2fbf1190-7d08-454c-aefb-959db91353dc&#8220; link_font=&#8220;|600|||||||&#8220; link_text_color=&#8220;gcid-2fbf1190-7d08-454c-aefb-959db91353dc&#8220; global_colors_info=&#8220;{%22gcid-2fbf1190-7d08-454c-aefb-959db91353dc%22:%91%22text_text_color%22,%22link_text_color%22%93}&#8220; theme_builder_area=&#8220;post_content&#8220;]\n<p style=\"text-align: center;\"><strong><span>Vertrieb<\/span>:<\/strong><br \/><a href=\"mailto:kikoto@fenyvesyachtclub.hu\">kikoto@fenyvesyachtclub.hu<\/a><br \/><a href=\"mailto:sales@fenyvesyachtclub.hu\">sales@fenyvesyachtclub.hu<\/a><\/p>\n[\/et_pb_text][\/et_pb_column][et_pb_column type=&#8220;1_3&#8243; _builder_version=&#8220;4.24.2&#8243; _module_preset=&#8220;default&#8220; global_colors_info=&#8220;{}&#8220; theme_builder_area=&#8220;post_content&#8220;][et_pb_text _builder_version=&#8220;4.24.3&#8243; _module_preset=&#8220;default&#8220; text_font=&#8220;|600|||||||&#8220; text_text_color=&#8220;gcid-2fbf1190-7d08-454c-aefb-959db91353dc&#8220; link_font=&#8220;|300|||||||&#8220; link_text_color=&#8220;gcid-2fbf1190-7d08-454c-aefb-959db91353dc&#8220; global_colors_info=&#8220;{%22gcid-2fbf1190-7d08-454c-aefb-959db91353dc%22:%91%22text_text_color%22,%22link_text_color%22%93}&#8220; theme_builder_area=&#8220;post_content&#8220;]\n<p style=\"text-align: center;\"><strong><span>Hafenmeisterdienst\u00a0<\/span> (0-24):<\/strong><br \/>+36 30 312 0338<\/p>\n[\/et_pb_text][\/et_pb_column][et_pb_column type=&#8220;1_3&#8243; _builder_version=&#8220;4.24.2&#8243; _module_preset=&#8220;default&#8220; global_colors_info=&#8220;{}&#8220; theme_builder_area=&#8220;post_content&#8220;][et_pb_text _builder_version=&#8220;4.24.3&#8243; _module_preset=&#8220;default&#8220; text_font=&#8220;|600|||||||&#8220; text_text_color=&#8220;gcid-2fbf1190-7d08-454c-aefb-959db91353dc&#8220; link_font=&#8220;|300|||||||&#8220; link_text_color=&#8220;gcid-2fbf1190-7d08-454c-aefb-959db91353dc&#8220; global_colors_info=&#8220;{%22gcid-2fbf1190-7d08-454c-aefb-959db91353dc%22:%91%22text_text_color%22,%22link_text_color%22%93}&#8220; theme_builder_area=&#8220;post_content&#8220;]\n<p style=\"text-align: center;\"><strong><span>Hotelrezeption<\/span>:<\/strong><br \/>+36 30 307 6289<\/p>\n[\/et_pb_text][\/et_pb_column][\/et_pb_row][\/et_pb_section][et_pb_section fb_built=&#8220;1&#8243; module_id=&#8220;a_services&#8220; _builder_version=&#8220;4.24.2&#8243; _module_preset=&#8220;default&#8220; custom_padding=&#8220;38px||19px|||&#8220; global_colors_info=&#8220;{}&#8220;][et_pb_row _builder_version=&#8220;4.24.2&#8243; _module_preset=&#8220;default&#8220; custom_padding=&#8220;||2px|||&#8220; global_colors_info=&#8220;{}&#8220;][et_pb_column type=&#8220;4_4&#8243; _builder_version=&#8220;4.24.2&#8243; _module_preset=&#8220;default&#8220; global_colors_info=&#8220;{}&#8220;][et_pb_text _builder_version=&#8220;4.24.2&#8243; _module_preset=&#8220;default&#8220; global_colors_info=&#8220;{}&#8220;]\n<h2 style=\"text-align: center;\">Zus\u00e4tzliche Dienstleistungen in unserem Hafen<\/h2>\n[\/et_pb_text][\/et_pb_column][\/et_pb_row][et_pb_row column_structure=&#8220;1_2,1_2&#8243; _builder_version=&#8220;4.24.2&#8243; _module_preset=&#8220;default&#8220; global_colors_info=&#8220;{}&#8220;][et_pb_column type=&#8220;1_2&#8243; _builder_version=&#8220;4.24.2&#8243; _module_preset=&#8220;default&#8220; global_colors_info=&#8220;{}&#8220;][et_pb_image src=&#8220;https:\/\/fenyvesyachtclub.hu\/wp-content\/uploads\/kikoto-vitorlas-berles.jpg&#8220; title_text=&#8220;kikoto-vitorlas-berles&#8220; _builder_version=&#8220;4.24.2&#8243; _module_preset=&#8220;default&#8220; global_colors_info=&#8220;{}&#8220;][\/et_pb_image][et_pb_text module_class=&#8220;strong-blue&#8220; _builder_version=&#8220;4.24.2&#8243; _module_preset=&#8220;default&#8220; global_colors_info=&#8220;{}&#8220;]\n<h2>Segelbootverleih<\/h2>\n<p><img loading=\"lazy\" decoding=\"async\" class=\"wp-image-48 alignnone size-full\" src=\"https:\/\/fenyvesyachtclub.hu\/wp-content\/uploads\/wave.png\" alt=\"\" width=\"147\" height=\"14\" \/><\/p>\n<p>In unserem Hafen k\u00f6nnen Segelboote der Bavaria Yachts Hungary Flotte mit einer L\u00e4nge von 34 und 37 Fu\u00df gemietet werden, wahlweise mit Skipper.<\/p>\n<p><strong>Weitere Informationen finden Sie\u00a0<\/strong><br \/>auf der Website <a href=\"https:\/\/bavaria.hu\/hajoberbeadas\" target=\"_blank\" rel=\"noopener\">https:\/\/bavaria.hu\/hajoberbeadas<\/a> oder telefonisch beim Basismanager in Balatonfenyves: +36 30 746 9031<\/p>\n[\/et_pb_text][et_pb_button button_url=&#8220;#&#8220; button_text=&#8220;Vitorl\u00e1s b\u00e9rl\u00e9s&#8220; _builder_version=&#8220;4.24.2&#8243; _module_preset=&#8220;default&#8220; custom_button=&#8220;on&#8220; button_text_size=&#8220;18px&#8220; button_text_color=&#8220;#FFFFFF&#8220; button_bg_color=&#8220;#C2A47B&#8220; button_border_width=&#8220;0px&#8220; button_border_radius=&#8220;0px&#8220; button_letter_spacing=&#8220;2px&#8220; button_font=&#8220;|||on|||||&#8220; button_use_icon=&#8220;off&#8220; custom_margin_tablet=&#8220;||40px||false|false&#8220; custom_margin_phone=&#8220;||40px||false|false&#8220; custom_margin_last_edited=&#8220;on|tablet&#8220; custom_padding=&#8220;10px|40px|10px|40px|true|true&#8220; custom_padding_tablet=&#8220;10px|40px||40px|false|true&#8220; custom_padding_phone=&#8220;10px|40px||40px|false|true&#8220; custom_padding_last_edited=&#8220;on|tablet&#8220; custom_css_free_form=&#8220;selector:hover { transform: scale(1.05)}&#8220; box_shadow_style=&#8220;preset1&#8243; box_shadow_vertical=&#8220;0px&#8220; box_shadow_blur=&#8220;15px&#8220; global_colors_info=&#8220;{}&#8220; box_shadow_blur__hover_enabled=&#8220;on|hover&#8220; box_shadow_blur__hover=&#8220;20px&#8220; box_shadow_spread__hover_enabled=&#8220;on|hover&#8220; box_shadow_spread__hover=&#8220;1px&#8220; custom_padding__hover_enabled=&#8220;off|desktop&#8220; custom_padding__hover=&#8220;13px|46px|13px|46px|true|true&#8220; box_shadow_color__hover_enabled=&#8220;on|hover&#8220; box_shadow_color__hover=&#8220;rgba(0,0,0,0.35)&#8220;][\/et_pb_button][\/et_pb_column][et_pb_column type=&#8220;1_2&#8243; _builder_version=&#8220;4.24.2&#8243; _module_preset=&#8220;default&#8220; global_colors_info=&#8220;{}&#8220;][et_pb_image src=&#8220;https:\/\/fenyvesyachtclub.hu\/wp-content\/uploads\/kikoto-vizitaxi.jpg&#8220; title_text=&#8220;kikoto-vizitaxi&#8220; _builder_version=&#8220;4.24.2&#8243; _module_preset=&#8220;default&#8220; global_colors_info=&#8220;{}&#8220;][\/et_pb_image][et_pb_text module_class=&#8220;strong-blue&#8220; _builder_version=&#8220;4.24.2&#8243; _module_preset=&#8220;default&#8220; global_colors_info=&#8220;{}&#8220;]\n<h2>WassertaxiWassertaxi<\/h2>\n<p><img loading=\"lazy\" decoding=\"async\" class=\"wp-image-48 alignnone size-full\" src=\"https:\/\/fenyvesyachtclub.hu\/wp-content\/uploads\/wave.png\" alt=\"\" width=\"147\" height=\"14\" \/><\/p>\n<p>Am Eingang unseres Hafens warten zwei 14-Personen-Wassertaxis darauf, Sie an jeden gew\u00fcnschten Ort am Balaton zu bringen, auch mit Ihrem Fahrrad.<\/p>\n<p><strong>Weitere Informationen:<\/strong><br \/>+36 30 746 9031<\/p>\n[\/et_pb_text][\/et_pb_column][\/et_pb_row][\/et_pb_section][et_pb_section fb_built=&#8220;1&#8243; _builder_version=&#8220;4.24.2&#8243; _module_preset=&#8220;default&#8220; background_color=&#8220;#ECF2F9&#8243; custom_padding=&#8220;17px||7px|||&#8220; global_colors_info=&#8220;{}&#8220;][et_pb_row column_structure=&#8220;1_2,1_2&#8243; _builder_version=&#8220;4.24.2&#8243; _module_preset=&#8220;default&#8220; custom_padding=&#8220;||0px|||&#8220; global_colors_info=&#8220;{}&#8220;][et_pb_column type=&#8220;1_2&#8243; _builder_version=&#8220;4.24.2&#8243; _module_preset=&#8220;default&#8220; global_colors_info=&#8220;{}&#8220;][et_pb_image src=&#8220;https:\/\/fenyvesyachtclub.hu\/wp-content\/uploads\/kikot-szent-benedek.jpg&#8220; title_text=&#8220;kikot-szent-benedek&#8220; _builder_version=&#8220;4.24.2&#8243; _module_preset=&#8220;default&#8220; global_colors_info=&#8220;{}&#8220;][\/et_pb_image][\/et_pb_column][et_pb_column type=&#8220;1_2&#8243; _builder_version=&#8220;4.24.2&#8243; _module_preset=&#8220;default&#8220; global_colors_info=&#8220;{}&#8220;][et_pb_text module_class=&#8220;strong-blue&#8220; _builder_version=&#8220;4.24.2&#8243; _module_preset=&#8220;default&#8220; global_colors_info=&#8220;{}&#8220;]\n<h2>Die Szent Benedek Spazierboot<\/h2>\n<p><img loading=\"lazy\" decoding=\"async\" class=\"wp-image-48 alignnone size-full\" src=\"https:\/\/fenyvesyachtclub.hu\/wp-content\/uploads\/wave.png\" alt=\"\" width=\"147\" height=\"14\" \/><\/p>\n<p>Von Balatonfenyves aus k\u00f6nnen Sie mit dem nostalgischen Szent Benedek Spazierboot in einer Stunde eine angenehme Reise nach Szigliget und zur\u00fcck unternehmen.<\/p>\n[\/et_pb_text][\/et_pb_column][\/et_pb_row][et_pb_row column_structure=&#8220;1_2,1_2&#8243; _builder_version=&#8220;4.24.3&#8243; _module_preset=&#8220;default&#8220; global_colors_info=&#8220;{}&#8220;][et_pb_column type=&#8220;1_2&#8243; _builder_version=&#8220;4.24.2&#8243; _module_preset=&#8220;default&#8220; global_colors_info=&#8220;{}&#8220;][et_pb_text _builder_version=&#8220;4.24.2&#8243; _module_preset=&#8220;default&#8220; global_colors_info=&#8220;{}&#8220;]\n<p>Abfahrt von Balatonfenyves um 10:00 und 15:00 Uhr.<br \/>Abfahrt von Szigliget um 11:00 und 16:00 Uhr.<\/p>\n<p><strong>Ticketpreise:<\/strong><br \/>Ein Weg: 2.900 Ft\/Person<br \/>R\u00fcckfahrt: 5.500 Ft\/Person<br \/>Kinder bis 4 Jahre kostenlos, Kinder von 5-10 Jahren erhalten 50% Erm\u00e4\u00dfigung.<br \/>Fahrrad: 1.000 Ft\/Strecke<br \/>Haustier: 1.500 Ft\/Strecke<\/p>\n[\/et_pb_text][\/et_pb_column][et_pb_column type=&#8220;1_2&#8243; _builder_version=&#8220;4.24.2&#8243; _module_preset=&#8220;default&#8220; global_colors_info=&#8220;{}&#8220;][et_pb_text _builder_version=&#8220;4.24.2&#8243; _module_preset=&#8220;default&#8220; global_colors_info=&#8220;{}&#8220;]\n<p>Die maximale Kapazit\u00e4t des Szent Benedek Spazierboots betr\u00e4gt 45 Personen.<\/p>\n<p><strong>Abfahrtszeiten:<br \/><\/strong>Vom 24. Juni bis 13. Juli: Samstag, Sonntag<br \/>Vom 14. Juli bis 27. August: t\u00e4glich<br \/>Vom 28. August bis 24. September: Samstag, Sonntag<br \/>Das Spazierboot kann au\u00dferhalb der Fahrzeiten nach dem Fahrplan gemietet werden.<br \/>Anfragen und Reservierungen: <span style=\"font-size: 16px; color: #ff0000;\"><strong>\u2026\u2026. (hi\u00e1nyz\u00f3 tartalom)<\/strong><\/span><\/p>\n[\/et_pb_text][\/et_pb_column][\/et_pb_row][\/et_pb_section]\n","protected":false},"excerpt":{"rendered":"<p>Hafen Im Jahr 2016 er\u00f6ffnet, erm\u00f6glicht unser Hafen die ganzj\u00e4hrige Wasserlagerung von 300 Segel- und Motorbooten durch den Einsatz modernster Wasserpumpentechnologie.Wir haben die h\u00f6chste Bewertung von 4 Sternen von der Ungarischen Segelakademie erhalten.Dienstleistungen Unsere Dienstleistungen am Liegeplatz umfassen: Bereitstellung technischer Unterst\u00fctzung f\u00fcr die Winterlagerung von Booten Stromversorgungsm\u00f6glichkeiten M\u00f6glichkeit zur Wasserentnahme Unterst\u00fctzung beim Anlegen Nutzung zentraler [&hellip;]<\/p>\n","protected":false},"author":1,"featured_media":0,"parent":0,"menu_order":0,"comment_status":"closed","ping_status":"closed","template":"","meta":{"_et_pb_use_builder":"on","_et_pb_old_content":"","_et_gb_content_width":"","footnotes":""},"class_list":["post-1243","page","type-page","status-publish","hentry"],"_links":{"self":[{"href":"https:\/\/fenyvesyachtclub.hu\/de\/wp-json\/wp\/v2\/pages\/1243","targetHints":{"allow":["GET"]}}],"collection":[{"href":"https:\/\/fenyvesyachtclub.hu\/de\/wp-json\/wp\/v2\/pages"}],"about":[{"href":"https:\/\/fenyvesyachtclub.hu\/de\/wp-json\/wp\/v2\/types\/page"}],"author":[{"embeddable":true,"href":"https:\/\/fenyvesyachtclub.hu\/de\/wp-json\/wp\/v2\/users\/1"}],"replies":[{"embeddable":true,"href":"https:\/\/fenyvesyachtclub.hu\/de\/wp-json\/wp\/v2\/comments?post=1243"}],"version-history":[{"count":7,"href":"https:\/\/fenyvesyachtclub.hu\/de\/wp-json\/wp\/v2\/pages\/1243\/revisions"}],"predecessor-version":[{"id":1659,"href":"https:\/\/fenyvesyachtclub.hu\/de\/wp-json\/wp\/v2\/pages\/1243\/revisions\/1659"}],"wp:attachment":[{"href":"https:\/\/fenyvesyachtclub.hu\/de\/wp-json\/wp\/v2\/media?parent=1243"}],"curies":[{"name":"wp","href":"https:\/\/api.w.org\/{rel}","templated":true}]}}